{"id":3621,"date":"2024-04-23T07:06:08","date_gmt":"2024-04-23T05:06:08","guid":{"rendered":"https:\/\/psicoterapiaberlino.de\/wer-ich-bin\/"},"modified":"2024-08-17T16:16:03","modified_gmt":"2024-08-17T14:16:03","slug":"wer-ich-bin","status":"publish","type":"page","link":"https:\/\/psicologoberlino.com\/en\/wer-ich-bin\/","title":{"rendered":"Who I am"},"content":{"rendered":"<div class=\"wpb-content-wrapper\"><p>[vc_row full_width=&#8221;stretch_row_content&#8221; equal_height=&#8221;yes&#8221; content_placement=&#8221;middle&#8221; el_class=&#8221;image-text-row&#8221; css=&#8221;.vc_custom_1718646873824{margin-bottom: 0px !important;}&#8221;][vc_column width=&#8221;1\/2&#8243;][vc_single_image image=&#8221;3259&#8243; img_size=&#8221;full&#8221;][\/vc_column][vc_column width=&#8221;1\/2&#8243; el_class=&#8221;text-white&#8221; css=&#8221;.vc_custom_1716589686451{background-color: #3b8796 !important;}&#8221;][vc_column_text]<\/p>\n<h1>About me<\/h1>\n<p>[\/vc_column_text][vc_column_text]<\/p>\n<div class=\"tm_pb_text tm_pb_module tm_pb_bg_layout_light tm_pb_text_align_left tm_pb_text_0\">\n<h2>Nice to meet you, Caterina<\/h2>\n<\/div>\n<hr \/>\n<p>My name is\u00a0<strong>Caterina Nicolosi Ganssmann<\/strong>\u00a0and I work as a psychologist.<\/p>\n<p>I am an Italian living in Berlin. I have a degree in the field of clinical psychology from La Sapienza University in Rome. I also specialized in Gestalt therapy and Jungian psychoanalysis.[\/vc_column_text][\/vc_column][\/vc_row][vc_row full_width=&#8221;stretch_row&#8221; equal_height=&#8221;yes&#8221; content_placement=&#8221;middle&#8221; el_class=&#8221;text-white&#8221; css=&#8221;.vc_custom_1718646842629{background-color: #3b8796 !important;}&#8221;][vc_column][vc_column_text]During five years of my professional career, I collected several valuable experiences which have helped me to enhance my skills and expertise. I worked at a rehabilitation center, where I did some individual and group therapies on psychologically ill and drug addicted people.<\/p>\n<p>After acquiring my diploma with summa cum laude, I continued with my education in psychological therapy in Germany where I studied the behavior therapy of kids and youngsters for one and a half years.<\/p>\n<p>I have been permitted to offer my services as a diploma psychologist as well as a naturopath especially in the field of psychotherapy for self-payers since 2009.<\/p>\n<p>After three years of further training, I acquired my additional qualification in systemic solution-oriented single, family and couple therapy in March 2017 and to keep myself updated with the changing standards in the discipline of psychology in December 2017 I have completed my further training in Trauma Therapy at the Institut f\u00fcr Traumatherapie by Oliver Schubbe using the method EMDR (Eye Movement Desensitization and Reprocessing).<\/p>\n<p>In 2017 I also attended courses with Luise Reddemann, the founder of trauma therapy in Germany, about Trauma Therapy and the method PITT (Psychodynamic Imaginative Trauma Therapy).<\/p>\n<p>I am also specialized in Ego state Therapy.<\/p>\n<p>Since March 2017 I am member of the Systemic Society in Berlin.<\/p>\n<p>In my work I strongly believe in continually staying up-to-date with most important and newly emerging issues in psychotherapy, allowing me to evolve constantly on a professional and personal level.[\/vc_column_text][\/vc_column][\/vc_row][vc_row full_width=&#8221;stretch_row_content&#8221;][vc_column][vc_column_text]<\/p>\n<h2 style=\"text-align: center;\">How I practice my psychological help<\/h2>\n<p>[\/vc_column_text][vc_row_inner][vc_column_inner width=&#8221;1\/3&#8243;][vc_single_image image=&#8221;3375&#8243; img_size=&#8221;medium&#8221; alignment=&#8221;center&#8221; style=&#8221;vc_box_circle_2&#8243;][vc_column_text]<\/p>\n<h4 style=\"text-align: center;\"><a href=\"https:\/\/eng.psicologoberlino.com\/methods\/\">Methods<\/a><\/h4>\n<p style=\"text-align: center;\">Integrative psychotherapy with adults, youth and children, Individual talking with adults, youth and children, Couple therapy\u2026<\/p>\n<p>[\/vc_column_text][\/vc_column_inner][vc_column_inner width=&#8221;1\/3&#8243;][vc_single_image image=&#8221;3366&#8243; img_size=&#8221;medium&#8221; alignment=&#8221;center&#8221; style=&#8221;vc_box_circle_2&#8243;][vc_column_text]<\/p>\n<h4 style=\"text-align: center;\"><a href=\"https:\/\/eng.psicologoberlino.com\/Areas-of-specialism\/\">Areas of specialism<\/a><\/h4>\n<p style=\"text-align: center;\">If you have decided on therapy it means that you are requesting a change. This change request normally produces a certain time span and suffering. In this phase it is mostly difficult for humans to recognize the reason for their own pain\u2026<\/p>\n<p>[\/vc_column_text][\/vc_column_inner][vc_column_inner width=&#8221;1\/3&#8243;][vc_single_image image=&#8221;3372&#8243; img_size=&#8221;medium&#8221; alignment=&#8221;center&#8221; style=&#8221;vc_box_circle_2&#8243;][vc_column_text]<\/p>\n<h4 style=\"text-align: center;\"><a href=\"https:\/\/eng.psicologoberlino.com\/therapy\/\">Therapy<\/a><\/h4>\n<p style=\"text-align: center;\">Talk therapy and psychotherapy are the most advanced ways to lead a patient to a change process. With such methods a patient learns to know themselves and to take responsibility for their life, through\u2026<\/p>\n<p>[\/vc_column_text][\/vc_column_inner][\/vc_row_inner][\/vc_column][\/vc_row][vc_row full_width=&#8221;stretch_row&#8221; gap=&#8221;20&#8243; equal_height=&#8221;yes&#8221; content_placement=&#8221;top&#8221; el_class=&#8221;text-white&#8221; css=&#8221;.vc_custom_1718747673048{background-color: #3b8796 !important;}&#8221;][vc_column width=&#8221;1\/3&#8243;][vc_raw_html]JTNDZGl2JTIwY2xhc3MlM0QlMjJjb3VudGVyLWNvbnRhaW5lciUyMiUyMGRhdGEtdmFsdWUlM0QlMjIxNiUyMiUzRSUwQSUyMCUyMCUzQ3N2ZyUyMGNsYXNzJTNEJTIyY2lyY2xlLXN2ZyUyMiUyMHdpZHRoJTNEJTIyMjAwJTIyJTIwaGVpZ2h0JTNEJTIyMjAwJTIyJTNFJTBBJTIwJTIwJTIwJTIwJTNDY2lyY2xlJTIwY2xhc3MlM0QlMjJiZy1jaXJjbGUlMjIlMjBjeCUzRCUyMjEwMCUyMiUyMGN5JTNEJTIyMTAwJTIyJTIwciUzRCUyMjk0JTIyJTIwJTJGJTNFJTBBJTIwJTIwJTIwJTIwJTNDY2lyY2xlJTIwY2xhc3MlM0QlMjJmZy1jaXJjbGUlMjIlMjBjeCUzRCUyMjEwMCUyMiUyMGN5JTNEJTIyMTAwJTIyJTIwciUzRCUyMjk0JTIyJTIwJTJGJTNFJTBBJTIwJTIwJTNDJTJGc3ZnJTNFJTBBJTIwJTIwJTNDZGl2JTIwY2xhc3MlM0QlMjJjb3VudGVyLXdyYXBwZXIlMjIlM0UlMEElMjAlMjAlMjAlMjAlM0NzcGFuJTIwY2xhc3MlM0QlMjJjb3VudGVyJTIyJTNFMCUzQyUyRnNwYW4lM0UlMEElMjAlMjAlMjAlMjAlM0NzcGFuJTIwY2xhc3MlM0QlMjJ1bml0JTIyJTNFJTNDJTJGc3BhbiUzRSUwQSUyMCUyMCUzQyUyRmRpdiUzRSUwQSUzQyUyRmRpdiUzRSUwQSUzQ3AlM0VFaW4lMjBMJUMzJUE0Y2hlbG4lMjBmJUMzJUJDciUyMGplZGVuJTIwbWVpbmVyJTIwUGF0aWVudGVuJTNDJTJGcCUzRQ==[\/vc_raw_html][\/vc_column][vc_column width=&#8221;1\/3&#8243;][vc_raw_html]JTNDZGl2JTIwY2xhc3MlM0QlMjJjb3VudGVyLWNvbnRhaW5lciUyMiUyMGRhdGEtdmFsdWUlM0QlMjI5OCUyMiUzRSUwQSUyMCUyMCUzQ3N2ZyUyMGNsYXNzJTNEJTIyY2lyY2xlLXN2ZyUyMiUyMHdpZHRoJTNEJTIyMjAwJTIyJTIwaGVpZ2h0JTNEJTIyMjAwJTIyJTNFJTBBJTIwJTIwJTIwJTIwJTNDY2lyY2xlJTIwY2xhc3MlM0QlMjJiZy1jaXJjbGUlMjIlMjBjeCUzRCUyMjEwMCUyMiUyMGN5JTNEJTIyMTAwJTIyJTIwciUzRCUyMjk0JTIyJTIwJTJGJTNFJTBBJTIwJTIwJTIwJTIwJTNDY2lyY2xlJTIwY2xhc3MlM0QlMjJmZy1jaXJjbGUlMjIlMjBjeCUzRCUyMjEwMCUyMiUyMGN5JTNEJTIyMTAwJTIyJTIwciUzRCUyMjk0JTIyJTIwJTJGJTNFJTBBJTIwJTIwJTNDJTJGc3ZnJTNFJTBBJTIwJTIwJTNDZGl2JTIwY2xhc3MlM0QlMjJjb3VudGVyLXdyYXBwZXIlMjIlM0UlMEElMjAlMjAlMjAlMjAlM0NzcGFuJTIwY2xhc3MlM0QlMjJjb3VudGVyJTIyJTNFMCUzQyUyRnNwYW4lM0UlMEElMjAlMjAlMjAlMjAlM0NzcGFuJTIwY2xhc3MlM0QlMjJ1bml0JTIyJTNFJTI1JTNDJTJGc3BhbiUzRSUwQSUyMCUyMCUzQyUyRmRpdiUzRSUwQSUzQyUyRmRpdiUzRSUwQSUzQ3AlM0VQcm96ZW50c2F0eiUyMGRlciUyMHp1ZnJpZWRlbmVuJTIwUGF0aWVudGVuJTNDJTJGcCUzRQ==[\/vc_raw_html][\/vc_column][vc_column width=&#8221;1\/3&#8243;][vc_raw_html]JTNDZGl2JTIwY2xhc3MlM0QlMjJjb3VudGVyLWNvbnRhaW5lciUyMiUyMGRhdGEtdmFsdWUlM0QlMjI3NiUyMiUzRSUwQSUyMCUyMCUzQ3N2ZyUyMGNsYXNzJTNEJTIyY2lyY2xlLXN2ZyUyMiUyMHdpZHRoJTNEJTIyMjAwJTIyJTIwaGVpZ2h0JTNEJTIyMjAwJTIyJTNFJTBBJTIwJTIwJTIwJTIwJTNDY2lyY2xlJTIwY2xhc3MlM0QlMjJiZy1jaXJjbGUlMjIlMjBjeCUzRCUyMjEwMCUyMiUyMGN5JTNEJTIyMTAwJTIyJTIwciUzRCUyMjk0JTIyJTIwJTJGJTNFJTBBJTIwJTIwJTIwJTIwJTNDY2lyY2xlJTIwY2xhc3MlM0QlMjJmZy1jaXJjbGUlMjIlMjBjeCUzRCUyMjEwMCUyMiUyMGN5JTNEJTIyMTAwJTIyJTIwciUzRCUyMjk0JTIyJTIwJTJGJTNFJTBBJTIwJTIwJTNDJTJGc3ZnJTNFJTBBJTIwJTIwJTNDZGl2JTIwY2xhc3MlM0QlMjJjb3VudGVyLXdyYXBwZXIlMjIlM0UlMEElMjAlMjAlMjAlMjAlM0NzcGFuJTIwY2xhc3MlM0QlMjJjb3VudGVyJTIyJTNFMCUzQyUyRnNwYW4lM0UlMEElMjAlMjAlMjAlMjAlM0NzcGFuJTIwY2xhc3MlM0QlMjJ1bml0JTIyJTNFJTNDJTJGc3BhbiUzRSUwQSUyMCUyMCUzQyUyRmRpdiUzRSUwQSUzQyUyRmRpdiUzRSUwQSUzQ3AlM0VQZXJzJUMzJUI2bmxpY2hlJTIwTmFjaHJpY2h0ZW4lMjB2b24lMjBQYXRpZW50ZW4lMkMlMjBkaWUlMjBzaWNoJTIwYmVpJTIwbWlyJTIwZiVDMyVCQ3IlMjBkaWUlMjBIaWxmZSUyMGJlZGFua3QlMjBoYWJlbiUzQyUyRnAlM0U=[\/vc_raw_html][\/vc_column][\/vc_row][vc_row][vc_column][vc_icon icon_fontawesome=&#8221;fas fa-quote-right&#8221; color=&#8221;custom&#8221; size=&#8221;lg&#8221; align=&#8221;center&#8221; custom_color=&#8221;#007d96&#8243;][vc_column_text]<\/p>\n<blockquote>\n<p style=\"text-align: center;\">The therapeutic relationship must not be a polite conversation or a chat in the living room, but must have the character of immediacy: the analyst must never lie, nor try to please or impress. He must remain himself, which means that he must have worked with himself.<\/p>\n<p style=\"text-align: center;\"><em>Erich Fromm<\/em><\/p>\n<\/blockquote>\n<p>[\/vc_column_text][\/vc_column][\/vc_row][vc_row full_width=&#8221;stretch_row_content_no_spaces&#8221; equal_height=&#8221;yes&#8221; content_placement=&#8221;middle&#8221; disable_element=&#8221;yes&#8221; el_class=&#8221;text-white&#8221;][vc_column width=&#8221;1\/2&#8243; css=&#8221;.vc_custom_1718735804816{background-color: #d33c14 !important;}&#8221; el_class=&#8221;text-big&#8221;][vc_column_text el_class=&#8221;text-big&#8221;]Non esitare a chiamarmi al numero <a href=\"tel:00491602789362\">+49 160 2789 362<\/a> o a scrivermi a\u00a0<a class=\"mail-link\" href=\"mailto:infoMAILpsicologoberlinoPUNKTcom\">info[at]psicologoberlino.com<\/a>. Ti richiamer\u00f2 o risponder\u00f2 nel pi\u00f9 breve tempo possibile.[\/vc_column_text][vc_btn title=&#8221;Contattami&#8221; link=&#8221;url:https%3A%2F%2Fpsicoterapiaberlino.de%2F%23contatto|title:Contatto&#8221; el_class=&#8221;btn-white&#8221;][\/vc_column][vc_column width=&#8221;1\/2&#8243;][vc_single_image image=&#8221;3259&#8243; img_size=&#8221;full&#8221;][\/vc_column][\/vc_row][vc_row full_width=&#8221;stretch_row_content&#8221; equal_height=&#8221;yes&#8221; content_placement=&#8221;middle&#8221; el_class=&#8221;text-image-row&#8221;][vc_column width=&#8221;1\/2&#8243; el_class=&#8221;text-white&#8221; css=&#8221;.vc_custom_1716201186609{background-color: #d33c14 !important;}&#8221;][vc_column_text]<\/p>\n<h2 style=\"text-align: center;\">Please dont hesitate to contact me.<\/h2>\n<p style=\"text-align: center;\"><strong>Telephone:<\/strong><br \/>\n<a href=\"tel:00491602789362\">+49(0) 160 2789 362<\/a><\/p>\n<p style=\"text-align: center;\"><strong>E-Mail:<\/strong><br \/>\n<a class=\"mail-link\" href=\"mailto:infoMAILpsicologoberlinoPUNKTcom\">info[at]psicologoberlino.com<\/a><\/p>\n<p style=\"text-align: center;\">I will call you back or respond to you as soon as possible.<\/p>\n<p style=\"text-align: center;\">.<\/p>\n<p>[\/vc_column_text][vc_btn title=&#8221;Contact me&#8221; align=&#8221;center&#8221; link=&#8221;url:https%3A%2F%2Fpsicoterapiaberlino.de%2Fde%2F%23contatto|title:Kontakt%20aufnehmen&#8221; el_class=&#8221;btn-white&#8221;][\/vc_column][vc_column width=&#8221;1\/2&#8243;][vc_single_image image=&#8221;3259&#8243; img_size=&#8221;full&#8221;][\/vc_column][\/vc_row][vc_row][vc_column][vc_column_text]<\/p>\n<h2>FAQ (Frequently Asked Questions)<\/h2>\n<p>[\/vc_column_text][vc_toggle title=&#8221;What is the difference between a psychologist, a psychotherapist, medical psychotherapist, a psychoanalyst, a psychiatrist and a neurologist?&#8221;]The psychologist: has a degree in psychology. In order to practice as a psychologist in Germany, you must have obtained permission from the Ministry of Health to work as a Heilpraktiker\/in eingeschr\u00e4nkt auf dem Gebiet heilkundliche Psychotherapie.<\/p>\n<p>The psychotherapist: has all the characteristics of a psychologist and also specializes in psychotherapy (individual, couple, family, and group) and has attended one or more schools of specialization.<\/p>\n<p>The psychotherapist: has a degree in medicine and specializes in psychotherapy. He has followed a personal psychoanalytic training.<\/p>\n<p>The psychiatrist: has a degree in medicine and specializes in psychiatry.<\/p>\n<p>The neurologist: graduated in medicine and specialized in neurology.[\/vc_toggle][vc_toggle title=&#8221;How long does psychotherapy last?&#8221;]The duration of psychotherapy is very variable and is dependent on many factors (the complexity of the problem, the patient\u2019s aspirations, their economic possibilities, and the reference theory of the psychotherapist). It ranges indicatively from a minimum of 5 sessions to a maximum of 10 years.<\/p>\n<p>It is generally considered that psychotherapy is capable of significantly affecting a person\u2019s quality of life and should last at least 1 year, with a frequency of at least once a week that may vary depending on the economic needs of the patient.<\/p>\n<p>It is therefore impossible to establish the precise duration of psychotherapy, since it is first necessary to assess the nature and extent of the specific problem and the degree of suffering it entails. In addition, there are also differences in relation to the time of appearance: a discomfort or disorder developed long before and never faced, for example, may have crystallized and therefore require an extended intervention over time.<br \/>\nIn any case, times and frequencies are agreed in advance between the patient and therapist, at the time of the therapeutic contract.[\/vc_toggle][vc_toggle title=&#8221;What is psychotherapy?&#8221;]Psychotherapy is a complex process in which an emotionally significant and non-judgmental relationship of trust is created between the therapist and the patient that facilitates and promotes internal change.<\/p>\n<p>A therapist must have the ability to empathize, to listen, to accept suffering, to transmit trust. They must have good theoretical knowledge and must be able to master the various technical tools.[\/vc_toggle][vc_toggle title=&#8221;The psychologist treats the \u201ccrazy\u201d?&#8221;]The psychologist is trained to work, with different methods, in the treatment of various disorders and problems. Anyone can go through a moment in life in which difficulties interfere with their individual and relational balance or with the achievement of their life goals. In such cases, the consultation with a psychologist is particularly suitable to reactivate one\u2019s resources.<\/p>\n<p>\u201cMad\u201d, in the common sense, is a term used to indicate a person suffering from a serious psychiatric condition that involves altered assessment and contact with reality.<\/p>\n<p>These disorders should be treated with particular caution and with the involvement of different professional figures including the psychiatrist but also the psychologist preferably with relevant and particular training. Therefore, a collaborative network between the different professional figures is activated in order to take care of the person from a psychological, medical, pharmacological, relational, family and professional point of view.[\/vc_toggle][\/vc_column][\/vc_row]<\/p>\n<\/div>","protected":false},"excerpt":{"rendered":"<p>[vc_row full_width=&#8221;stretch_row_content&#8221; equal_height=&#8221;yes&#8221; content_placement=&#8221;middle&#8221; el_class=&#8221;image-text-row&#8221; css=&#8221;.vc_custom_1718646873824{margin-bottom: 0px !important;}&#8221;][vc_column width=&#8221;1\/2&#8243;][vc_single_image image=&#8221;3259&#8243; img_size=&#8221;full&#8221;][\/vc_column][vc_column width=&#8221;1\/2&#8243; el_class=&#8221;text-white&#8221; css=&#8221;.vc_custom_1716589686451{background-color: #3b8796 !important;}&#8221;][vc_column_text] About me [\/vc_column_text][vc_column_text] Nice to meet you, Caterina My name is\u00a0Caterina Nicolosi Ganssmann\u00a0and I work as a psychologist. I am an Italian living in Berlin. I have a degree in the field of clinical psychology from La Sapienza University [&hellip;]<\/p>\n","protected":false},"author":1,"featured_media":0,"parent":0,"menu_order":0,"comment_status":"closed","ping_status":"closed","template":"","meta":{"footnotes":""},"class_list":["post-3621","page","type-page","status-publish","hentry"],"yoast_head":"<!-- This site is optimized with the Yoast SEO plugin v27.1.1 - https:\/\/yoast.com\/product\/yoast-seo-wordpress\/ -->\n<title>Who I am - Caterina Nicolosi Gan\u00dfmann<\/title>\n<meta name=\"robots\" content=\"index, follow, max-snippet:-1, max-image-preview:large, max-video-preview:-1\" \/>\n<link rel=\"canonical\" href=\"https:\/\/psicologoberlino.com\/en\/wer-ich-bin\/\" \/>\n<meta property=\"og:locale\" content=\"en_US\" \/>\n<meta property=\"og:type\" content=\"article\" \/>\n<meta property=\"og:title\" content=\"Who I am - Caterina Nicolosi Gan\u00dfmann\" \/>\n<meta property=\"og:description\" content=\"[vc_row full_width=&#8221;stretch_row_content&#8221; equal_height=&#8221;yes&#8221; content_placement=&#8221;middle&#8221; el_class=&#8221;image-text-row&#8221; css=&#8221;.vc_custom_1718646873824{margin-bottom: 0px !important;}&#8221;][vc_column width=&#8221;1\/2&#8243;][vc_single_image image=&#8221;3259&#8243; img_size=&#8221;full&#8221;][\/vc_column][vc_column width=&#8221;1\/2&#8243; el_class=&#8221;text-white&#8221; css=&#8221;.vc_custom_1716589686451{background-color: #3b8796 !important;}&#8221;][vc_column_text] About me [\/vc_column_text][vc_column_text] Nice to meet you, Caterina My name is\u00a0Caterina Nicolosi Ganssmann\u00a0and I work as a psychologist. I am an Italian living in Berlin. I have a degree in the field of clinical psychology from La Sapienza University [&hellip;]\" \/>\n<meta property=\"og:url\" content=\"https:\/\/psicologoberlino.com\/en\/wer-ich-bin\/\" \/>\n<meta property=\"og:site_name\" content=\"Caterina Nicolosi Gan\u00dfmann\" \/>\n<meta property=\"article:modified_time\" content=\"2024-08-17T14:16:03+00:00\" \/>\n<meta name=\"twitter:card\" content=\"summary_large_image\" \/>\n<meta name=\"twitter:label1\" content=\"Est. reading time\" \/>\n\t<meta name=\"twitter:data1\" content=\"7 minutes\" \/>\n<script type=\"application\/ld+json\" class=\"yoast-schema-graph\">{\"@context\":\"https:\/\/schema.org\",\"@graph\":[{\"@type\":\"WebPage\",\"@id\":\"https:\/\/psicologoberlino.com\/en\/wer-ich-bin\/\",\"url\":\"https:\/\/psicologoberlino.com\/en\/wer-ich-bin\/\",\"name\":\"Who I am - Caterina Nicolosi Gan\u00dfmann\",\"isPartOf\":{\"@id\":\"https:\/\/psicologoberlino.com\/en\/#website\"},\"datePublished\":\"2024-04-23T05:06:08+00:00\",\"dateModified\":\"2024-08-17T14:16:03+00:00\",\"breadcrumb\":{\"@id\":\"https:\/\/psicologoberlino.com\/en\/wer-ich-bin\/#breadcrumb\"},\"inLanguage\":\"en-US\",\"potentialAction\":[{\"@type\":\"ReadAction\",\"target\":[\"https:\/\/psicologoberlino.com\/en\/wer-ich-bin\/\"]}]},{\"@type\":\"BreadcrumbList\",\"@id\":\"https:\/\/psicologoberlino.com\/en\/wer-ich-bin\/#breadcrumb\",\"itemListElement\":[{\"@type\":\"ListItem\",\"position\":1,\"name\":\"Home\",\"item\":\"https:\/\/psicologoberlino.com\/en\/\"},{\"@type\":\"ListItem\",\"position\":2,\"name\":\"Who I am\"}]},{\"@type\":\"WebSite\",\"@id\":\"https:\/\/psicologoberlino.com\/en\/#website\",\"url\":\"https:\/\/psicologoberlino.com\/en\/\",\"name\":\"Caterina Nicolosi Gan\u00dfmann\",\"description\":\"\",\"potentialAction\":[{\"@type\":\"SearchAction\",\"target\":{\"@type\":\"EntryPoint\",\"urlTemplate\":\"https:\/\/psicologoberlino.com\/en\/?s={search_term_string}\"},\"query-input\":{\"@type\":\"PropertyValueSpecification\",\"valueRequired\":true,\"valueName\":\"search_term_string\"}}],\"inLanguage\":\"en-US\"}]}<\/script>\n<!-- \/ Yoast SEO plugin. -->","yoast_head_json":{"title":"Who I am - Caterina Nicolosi Gan\u00dfmann","robots":{"index":"index","follow":"follow","max-snippet":"max-snippet:-1","max-image-preview":"max-image-preview:large","max-video-preview":"max-video-preview:-1"},"canonical":"https:\/\/psicologoberlino.com\/en\/wer-ich-bin\/","og_locale":"en_US","og_type":"article","og_title":"Who I am - Caterina Nicolosi Gan\u00dfmann","og_description":"[vc_row full_width=&#8221;stretch_row_content&#8221; equal_height=&#8221;yes&#8221; content_placement=&#8221;middle&#8221; el_class=&#8221;image-text-row&#8221; css=&#8221;.vc_custom_1718646873824{margin-bottom: 0px !important;}&#8221;][vc_column width=&#8221;1\/2&#8243;][vc_single_image image=&#8221;3259&#8243; img_size=&#8221;full&#8221;][\/vc_column][vc_column width=&#8221;1\/2&#8243; el_class=&#8221;text-white&#8221; css=&#8221;.vc_custom_1716589686451{background-color: #3b8796 !important;}&#8221;][vc_column_text] About me [\/vc_column_text][vc_column_text] Nice to meet you, Caterina My name is\u00a0Caterina Nicolosi Ganssmann\u00a0and I work as a psychologist. I am an Italian living in Berlin. I have a degree in the field of clinical psychology from La Sapienza University [&hellip;]","og_url":"https:\/\/psicologoberlino.com\/en\/wer-ich-bin\/","og_site_name":"Caterina Nicolosi Gan\u00dfmann","article_modified_time":"2024-08-17T14:16:03+00:00","twitter_card":"summary_large_image","twitter_misc":{"Est. reading time":"7 minutes"},"schema":{"@context":"https:\/\/schema.org","@graph":[{"@type":"WebPage","@id":"https:\/\/psicologoberlino.com\/en\/wer-ich-bin\/","url":"https:\/\/psicologoberlino.com\/en\/wer-ich-bin\/","name":"Who I am - Caterina Nicolosi Gan\u00dfmann","isPartOf":{"@id":"https:\/\/psicologoberlino.com\/en\/#website"},"datePublished":"2024-04-23T05:06:08+00:00","dateModified":"2024-08-17T14:16:03+00:00","breadcrumb":{"@id":"https:\/\/psicologoberlino.com\/en\/wer-ich-bin\/#breadcrumb"},"inLanguage":"en-US","potentialAction":[{"@type":"ReadAction","target":["https:\/\/psicologoberlino.com\/en\/wer-ich-bin\/"]}]},{"@type":"BreadcrumbList","@id":"https:\/\/psicologoberlino.com\/en\/wer-ich-bin\/#breadcrumb","itemListElement":[{"@type":"ListItem","position":1,"name":"Home","item":"https:\/\/psicologoberlino.com\/en\/"},{"@type":"ListItem","position":2,"name":"Who I am"}]},{"@type":"WebSite","@id":"https:\/\/psicologoberlino.com\/en\/#website","url":"https:\/\/psicologoberlino.com\/en\/","name":"Caterina Nicolosi Gan\u00dfmann","description":"","potentialAction":[{"@type":"SearchAction","target":{"@type":"EntryPoint","urlTemplate":"https:\/\/psicologoberlino.com\/en\/?s={search_term_string}"},"query-input":{"@type":"PropertyValueSpecification","valueRequired":true,"valueName":"search_term_string"}}],"inLanguage":"en-US"}]}},"_links":{"self":[{"href":"https:\/\/psicologoberlino.com\/en\/wp-json\/wp\/v2\/pages\/3621","targetHints":{"allow":["GET"]}}],"collection":[{"href":"https:\/\/psicologoberlino.com\/en\/wp-json\/wp\/v2\/pages"}],"about":[{"href":"https:\/\/psicologoberlino.com\/en\/wp-json\/wp\/v2\/types\/page"}],"author":[{"embeddable":true,"href":"https:\/\/psicologoberlino.com\/en\/wp-json\/wp\/v2\/users\/1"}],"replies":[{"embeddable":true,"href":"https:\/\/psicologoberlino.com\/en\/wp-json\/wp\/v2\/comments?post=3621"}],"version-history":[{"count":4,"href":"https:\/\/psicologoberlino.com\/en\/wp-json\/wp\/v2\/pages\/3621\/revisions"}],"predecessor-version":[{"id":3623,"href":"https:\/\/psicologoberlino.com\/en\/wp-json\/wp\/v2\/pages\/3621\/revisions\/3623"}],"wp:attachment":[{"href":"https:\/\/psicologoberlino.com\/en\/wp-json\/wp\/v2\/media?parent=3621"}],"curies":[{"name":"wp","href":"https:\/\/api.w.org\/{rel}","templated":true}]}}