{"id":3661,"date":"2024-03-19T23:18:54","date_gmt":"2024-03-19T22:18:54","guid":{"rendered":"https:\/\/psicoterapiaberlino.de\/psicologa-a-berlino\/"},"modified":"2024-08-17T17:18:13","modified_gmt":"2024-08-17T15:18:13","slug":"psicologa-a-berlino","status":"publish","type":"page","link":"https:\/\/psicologoberlino.com\/de\/psicologa-a-berlino\/","title":{"rendered":"Psychologin in Berlin"},"content":{"rendered":"<div class=\"wpb-content-wrapper\"><p>[vc_row][vc_column width=&#8220;1\/2&#8243;][\/vc_column][vc_column width=&#8220;1\/2&#8243;][vc_column_text]<\/p>\n<h2>Mit Vergn\u00fcgen, Caterina<\/h2>\n<p>[\/vc_column_text][vc_column_text]Mein Name ist\u00a0<strong>Caterina Nicolosi Gan\u00dfmann<\/strong>\u00a0und ich bin von Beruf Dipl.-Psychologin.<\/p>\n<p>Ich bin Italienerin und lebe und arbeite in Berlin. Meine Ausbildung in Gestalttherapie und Psychoanalyse nach C. G. Jung habe ich, w\u00e4hrend meines Studiums in Klinischer Psychologie an der Universit\u00e4t La Sapienza in Rom, begonnen.<\/p>\n<p>W\u00e4hrend meiner f\u00fcnfj\u00e4hrigen beruflichen Laufbahn habe ich wertvolle praktische Erfahrungen gesammelt, die von gro\u00dfer Bedeutung f\u00fcr meinen beruflichen Werdegang waren und mir geholfen haben, meine F\u00e4higkeiten und mein Fachwissen zu verbessern. In einem Rehabilitationszentrum in Rom f\u00fcr psychisch kranke und drogenabh\u00e4ngige Menschen, habe ich Einzel- und Gruppentherapien durchgef\u00fchrt.<\/p>\n<p>Nachdem ich mein Diplom mit summa cum laude erworben hatte, setzte ich meine Ausbildung zur Psychotherapeutin in Deutschland fort, wo ich anderthalb Jahre Verhaltenstherapie f\u00fcr Kinder und Jugendliche studierte.<\/p>\n<p>Seit 2009 darf ich meine Dienste als Diplom-Psychologin und Heilpraktikerin, insbesondere im Bereich der Psychotherapie, f\u00fcr Selbstzahler anbieten.<\/p>\n<p>Im M\u00e4rz 2017 habe ich nach dreij\u00e4hriger Weiterbildung meine Zusatzqualifikation in systemisch l\u00f6sungorientierter Einzel-, Familien- u. Paartherapie erworben und im Dezember 2017 meine Fortbildung in Traumatherapie am Institut f\u00fcr Traumatherapie von Oliver Schubbe mit der Methode EMDR (Eye Movement Desensitization and Reprocessing) abgeschlossen.<\/p>\n<p>Im Jahr 2017 habe ich zudem Kurse mit Luise Reddemann, der Begr\u00fcnderin der Traumatherapie in Deutschland, \u00fcber Traumatherapie besucht und die Methode PITT (Psychodynamisch Imaginative Traumatherapie) erlernt.<\/p>\n<p>Ich bin zudem auf die Ego State Therapie spezialisiert.<\/p>\n<p>Seit M\u00e4rz 2017 bin ich Mitglied der Systemischen Gesellschaft in Berlin.<\/p>\n<p>Ich lege in meiner Arbeit besonderen Wert darauf, mich bez\u00fcglich aller Neuerungen in der Psychotherapie kontinuierlich auf dem Laufenden zu halten, um eine konstant hohe Qualit\u00e4t meiner Arbeit sicherzustellen.[\/vc_column_text][\/vc_column][\/vc_row][vc_row][vc_column][vc_column_text]<\/p>\n<div class=\"tm_pb_text tm_pb_module tm_pb_bg_layout_light tm_pb_text_align_center tm_pb_text_2\">\n<h2 style=\"text-align: center;\">Wie ich psychologische Hilfe einsetze:<\/h2>\n<\/div>\n<p>[\/vc_column_text][vc_row_inner][vc_column_inner width=&#8220;1\/3&#8243;][vc_column_text]<\/p>\n<h3 style=\"text-align: center;\"><a href=\"https:\/\/psicoterapiaberlino.com\/metodi\/\">Methode<\/a><\/h3>\n<p style=\"text-align: center;\">Integrative Psychotherapie mit Erwachsenen, Jugendlichen und Kindern, Einzelgespr\u00e4che mit Erwachsenen, Jugendlichen und Kindern, Paartherapie, Familientherapie, Traumatherapie\u2026<\/p>\n<p>[\/vc_column_text][\/vc_column_inner][vc_column_inner width=&#8220;1\/3&#8243;][vc_column_text]<\/p>\n<h3 style=\"text-align: center;\"><a href=\"https:\/\/psicoterapiaberlino.com\/aree-di-intervento\/\">Spezialisierungen<\/a><\/h3>\n<p style=\"text-align: center;\">Wenn Sie sich f\u00fcr eine Therapie entschieden haben, bedeutet das, dass Sie einen Ver\u00e4nderungswunsch haben\u2026<\/p>\n<p>[\/vc_column_text][\/vc_column_inner][vc_column_inner width=&#8220;1\/3&#8243;][vc_column_text]<\/p>\n<h3 style=\"text-align: center;\"><a href=\"https:\/\/psicoterapiaberlino.com\/lo-psicologo\/\">Therapie<\/a><\/h3>\n<p style=\"text-align: center;\">Gespr\u00e4chstherapie und Psychotherapie sind der modernste Weg, einen Patienten in einem Ver\u00e4nderungsprozess zu begleiten. Er lernt hierdurch, \u2026<\/p>\n<p>[\/vc_column_text][\/vc_column_inner][\/vc_row_inner][\/vc_column][\/vc_row][vc_row][vc_column][\/vc_column][\/vc_row][vc_row full_width=&#8220;stretch_row&#8220; el_class=&#8220;text-white&#8220; css=&#8220;.vc_custom_1716671678979{padding-top: 80px !important;padding-bottom: 80px !important;background-color: #3b8796 !important;}&#8220;][vc_column width=&#8220;1\/3&#8243;][vc_raw_html]JTNDZGl2JTIwY2xhc3MlM0QlMjJjb3VudGVyLWNvbnRhaW5lciUyMiUzRSUwQSUyMCUyMCUyMCUyMCUyMCUyMCUyMCUyMCUzQ3N2ZyUyMHdpZHRoJTNEJTIyMTAwJTIyJTIwaGVpZ2h0JTNEJTIyMTAwJTIyJTIwdmlld0JveCUzRCUyMjAlMjAwJTIwMTAwJTIwMTAwJTIyJTNFJTBBJTIwJTIwJTIwJTIwJTIwJTIwJTIwJTIwJTIwJTIwJTIwJTIwJTNDY2lyY2xlJTIwY3glM0QlMjI1MCUyMiUyMGN5JTNEJTIyNTAlMjIlMjByJTNEJTIyNDUlMjIlMjBzdHJva2UlM0QlMjIlMjNmZmYlMjIlMjBzdHJva2Utd2lkdGglM0QlMjIxJTIyJTIwZmlsbCUzRCUyMm5vbmUlMjIlMjAlMkYlM0UlMEElMjAlMjAlMjAlMjAlMjAlMjAlMjAlMjAlMjAlMjAlMjAlMjAlM0NjaXJjbGUlMjBjeCUzRCUyMjUwJTIyJTIwY3klM0QlMjI1MCUyMiUyMHIlM0QlMjI0NSUyMiUyMHN0cm9rZSUzRCUyMiUyM2QzM2MxNCUyMiUyMHN0cm9rZS13aWR0aCUzRCUyMjElMjIlMjBmaWxsJTNEJTIybm9uZSUyMiUyMHN0cm9rZS1kYXNoYXJyYXklM0QlMjIyODMlMjIlMjBzdHJva2UtZGFzaG9mZnNldCUzRCUyMjI4MyUyMiUyMCUyRiUzRSUwQSUyMCUyMCUyMCUyMCUyMCUyMCUyMCUyMCUzQyUyRnN2ZyUzRSUwQSUyMCUyMCUyMCUyMCUyMCUyMCUyMCUyMCUzQ2RpdiUyMGNsYXNzJTNEJTIyY291bnRlclVwJTIyJTIwZGF0YS1jb3VudCUzRCUyMjE2JTIyJTIwZGF0YS1wZXJjZW50JTNEJTIyMTYlMjIlM0UwJTNDJTJGZGl2JTNFJTBBJTIwJTIwJTIwJTIwJTNDJTJGZGl2JTNF[\/vc_raw_html][\/vc_column][vc_column width=&#8220;1\/3&#8243;][vc_raw_html]JTNDZGl2JTIwY2xhc3MlM0QlMjJjb3VudGVyLWNvbnRhaW5lciUyMiUzRSUwQSUyMCUyMCUyMCUyMCUyMCUyMCUyMCUyMCUzQ3N2ZyUyMHdpZHRoJTNEJTIyMTAwJTIyJTIwaGVpZ2h0JTNEJTIyMTAwJTIyJTIwdmlld0JveCUzRCUyMjAlMjAwJTIwMTAwJTIwMTAwJTIyJTNFJTBBJTIwJTIwJTIwJTIwJTIwJTIwJTIwJTIwJTIwJTIwJTIwJTIwJTNDY2lyY2xlJTIwY3glM0QlMjI1MCUyMiUyMGN5JTNEJTIyNTAlMjIlMjByJTNEJTIyNDUlMjIlMjBzdHJva2UlM0QlMjIlMjNmZmYlMjIlMjBzdHJva2Utd2lkdGglM0QlMjIxJTIyJTIwZmlsbCUzRCUyMm5vbmUlMjIlMjAlMkYlM0UlMEElMjAlMjAlMjAlMjAlMjAlMjAlMjAlMjAlMjAlMjAlMjAlMjAlM0NjaXJjbGUlMjBjeCUzRCUyMjUwJTIyJTIwY3klM0QlMjI1MCUyMiUyMHIlM0QlMjI0NSUyMiUyMHN0cm9rZSUzRCUyMiUyM2QzM2MxNCUyMiUyMHN0cm9rZS13aWR0aCUzRCUyMjElMjIlMjBmaWxsJTNEJTIybm9uZSUyMiUyMHN0cm9rZS1kYXNoYXJyYXklM0QlMjIyODMlMjIlMjBzdHJva2UtZGFzaG9mZnNldCUzRCUyMjI4MyUyMiUyMCUyRiUzRSUwQSUyMCUyMCUyMCUyMCUyMCUyMCUyMCUyMCUzQyUyRnN2ZyUzRSUwQSUyMCUyMCUyMCUyMCUyMCUyMCUyMCUyMCUzQ2RpdiUyMGNsYXNzJTNEJTIyY291bnRlclVwJTIyJTIwZGF0YS1jb3VudCUzRCUyMjk4JTIyJTIwZGF0YS1wZXJjZW50JTNEJTIyOTglMjIlM0UwJTNDJTJGZGl2JTNFJTIwJTI1JTBBJTIwJTIwJTIwJTIwJTNDJTJGZGl2JTNF[\/vc_raw_html][\/vc_column][vc_column width=&#8220;1\/3&#8243;][vc_raw_html]JTNDZGl2JTIwY2xhc3MlM0QlMjJjb3VudGVyLWNvbnRhaW5lciUyMiUzRSUwQSUyMCUyMCUyMCUyMCUyMCUyMCUyMCUyMCUzQ3N2ZyUyMHdpZHRoJTNEJTIyMTAwJTIyJTIwaGVpZ2h0JTNEJTIyMTAwJTIyJTIwdmlld0JveCUzRCUyMjAlMjAwJTIwMTAwJTIwMTAwJTIyJTNFJTBBJTIwJTIwJTIwJTIwJTIwJTIwJTIwJTIwJTIwJTIwJTIwJTIwJTNDY2lyY2xlJTIwY3glM0QlMjI1MCUyMiUyMGN5JTNEJTIyNTAlMjIlMjByJTNEJTIyNDUlMjIlMjBzdHJva2UlM0QlMjIlMjNmZmYlMjIlMjBzdHJva2Utd2lkdGglM0QlMjIxJTIyJTIwZmlsbCUzRCUyMm5vbmUlMjIlMjAlMkYlM0UlMEElMjAlMjAlMjAlMjAlMjAlMjAlMjAlMjAlMjAlMjAlMjAlMjAlM0NjaXJjbGUlMjBjeCUzRCUyMjUwJTIyJTIwY3klM0QlMjI1MCUyMiUyMHIlM0QlMjI0NSUyMiUyMHN0cm9rZSUzRCUyMiUyM2QzM2MxNCUyMiUyMHN0cm9rZS13aWR0aCUzRCUyMjElMjIlMjBmaWxsJTNEJTIybm9uZSUyMiUyMHN0cm9rZS1kYXNoYXJyYXklM0QlMjIyODMlMjIlMjBzdHJva2UtZGFzaG9mZnNldCUzRCUyMjI4MyUyMiUyMCUyRiUzRSUwQSUyMCUyMCUyMCUyMCUyMCUyMCUyMCUyMCUzQyUyRnN2ZyUzRSUwQSUyMCUyMCUyMCUyMCUyMCUyMCUyMCUyMCUzQ2RpdiUyMGNsYXNzJTNEJTIyY291bnRlclVwJTIyJTIwZGF0YS1jb3VudCUzRCUyMjc2JTIyJTIwZGF0YS1wZXJjZW50JTNEJTIyNzYlMjIlM0UwJTNDJTJGZGl2JTNFJTBBJTIwJTIwJTIwJTIwJTNDJTJGZGl2JTNF[\/vc_raw_html][\/vc_column][\/vc_row][vc_row full_width=&#8220;stretch_row&#8220; disable_element=&#8220;yes&#8220; el_class=&#8220;text-white&#8220; css=&#8220;.vc_custom_1716675640285{padding-top: 80px !important;padding-bottom: 80px !important;background-color: #3b8796 !important;}&#8220;][vc_column width=&#8220;1\/3&#8243;][vc_column_text]<\/p>\n<div class=\"counterUp\" style=\"text-align: center;\" data-count=\"16\">0<\/div>\n<p style=\"text-align: center;\">Sorrisi ai miei pazienti ogni giorno<\/p>\n<p>[\/vc_column_text][\/vc_column][vc_column width=&#8220;1\/3&#8243;][vc_column_text]<\/p>\n<div class=\"counterUp\" style=\"text-align: center;\" data-count=\"98\">0<\/div>\n<p style=\"text-align: center;\">Percentuale di pazienti soddisfatti<\/p>\n<p>[\/vc_column_text][\/vc_column][vc_column width=&#8220;1\/3&#8243;][vc_column_text]<\/p>\n<div class=\"counterUp\" style=\"text-align: center;\" data-count=\"76\">0<\/div>\n<p style=\"text-align: center;\">Messaggi privati da pazienti che mi hanno ringraziato dell&#8217;aiuto<\/p>\n<p>[\/vc_column_text][\/vc_column][\/vc_row]<\/p>\n<\/div>","protected":false},"excerpt":{"rendered":"<p>[vc_row][vc_column width=&#8220;1\/2&#8243;][\/vc_column][vc_column width=&#8220;1\/2&#8243;][vc_column_text] Mit Vergn\u00fcgen, Caterina [\/vc_column_text][vc_column_text]Mein Name ist\u00a0Caterina Nicolosi Gan\u00dfmann\u00a0und ich bin von Beruf Dipl.-Psychologin. Ich bin Italienerin und lebe und arbeite in Berlin. Meine Ausbildung in Gestalttherapie und Psychoanalyse nach C. G. Jung habe ich, w\u00e4hrend meines Studiums in Klinischer Psychologie an der Universit\u00e4t La Sapienza in Rom, begonnen. W\u00e4hrend meiner f\u00fcnfj\u00e4hrigen beruflichen [&hellip;]<\/p>\n","protected":false},"author":1,"featured_media":0,"parent":0,"menu_order":0,"comment_status":"closed","ping_status":"closed","template":"","meta":{"footnotes":""},"class_list":["post-3661","page","type-page","status-publish","hentry"],"yoast_head":"<!-- This site is optimized with the Yoast SEO plugin v27.1.1 - https:\/\/yoast.com\/product\/yoast-seo-wordpress\/ -->\n<title>Psychologin in Berlin - Caterina Nicolosi Gan\u00dfmann<\/title>\n<meta name=\"robots\" content=\"index, follow, max-snippet:-1, max-image-preview:large, max-video-preview:-1\" \/>\n<link rel=\"canonical\" href=\"https:\/\/psicologoberlino.com\/de\/psicologa-a-berlino\/\" \/>\n<meta property=\"og:locale\" content=\"de_DE\" \/>\n<meta property=\"og:type\" content=\"article\" \/>\n<meta property=\"og:title\" content=\"Psychologin in Berlin - Caterina Nicolosi Gan\u00dfmann\" \/>\n<meta property=\"og:description\" content=\"[vc_row][vc_column width=&#8220;1\/2&#8243;][\/vc_column][vc_column width=&#8220;1\/2&#8243;][vc_column_text] Mit Vergn\u00fcgen, Caterina [\/vc_column_text][vc_column_text]Mein Name ist\u00a0Caterina Nicolosi Gan\u00dfmann\u00a0und ich bin von Beruf Dipl.-Psychologin. Ich bin Italienerin und lebe und arbeite in Berlin. Meine Ausbildung in Gestalttherapie und Psychoanalyse nach C. G. Jung habe ich, w\u00e4hrend meines Studiums in Klinischer Psychologie an der Universit\u00e4t La Sapienza in Rom, begonnen. W\u00e4hrend meiner f\u00fcnfj\u00e4hrigen beruflichen [&hellip;]\" \/>\n<meta property=\"og:url\" content=\"https:\/\/psicologoberlino.com\/de\/psicologa-a-berlino\/\" \/>\n<meta property=\"og:site_name\" content=\"Caterina Nicolosi Gan\u00dfmann\" \/>\n<meta property=\"article:modified_time\" content=\"2024-08-17T15:18:13+00:00\" \/>\n<meta name=\"twitter:card\" content=\"summary_large_image\" \/>\n<meta name=\"twitter:label1\" content=\"Gesch\u00e4tzte Lesezeit\" \/>\n\t<meta name=\"twitter:data1\" content=\"3\u00a0Minuten\" \/>\n<script type=\"application\/ld+json\" class=\"yoast-schema-graph\">{\"@context\":\"https:\/\/schema.org\",\"@graph\":[{\"@type\":\"WebPage\",\"@id\":\"https:\/\/psicologoberlino.com\/de\/psicologa-a-berlino\/\",\"url\":\"https:\/\/psicologoberlino.com\/de\/psicologa-a-berlino\/\",\"name\":\"Psychologin in Berlin - Caterina Nicolosi Gan\u00dfmann\",\"isPartOf\":{\"@id\":\"https:\/\/psicologoberlino.com\/de\/#website\"},\"datePublished\":\"2024-03-19T22:18:54+00:00\",\"dateModified\":\"2024-08-17T15:18:13+00:00\",\"breadcrumb\":{\"@id\":\"https:\/\/psicologoberlino.com\/de\/psicologa-a-berlino\/#breadcrumb\"},\"inLanguage\":\"de\",\"potentialAction\":[{\"@type\":\"ReadAction\",\"target\":[\"https:\/\/psicologoberlino.com\/de\/psicologa-a-berlino\/\"]}]},{\"@type\":\"BreadcrumbList\",\"@id\":\"https:\/\/psicologoberlino.com\/de\/psicologa-a-berlino\/#breadcrumb\",\"itemListElement\":[{\"@type\":\"ListItem\",\"position\":1,\"name\":\"Home\",\"item\":\"https:\/\/psicologoberlino.com\/de\/\"},{\"@type\":\"ListItem\",\"position\":2,\"name\":\"Psychologin in Berlin\"}]},{\"@type\":\"WebSite\",\"@id\":\"https:\/\/psicologoberlino.com\/de\/#website\",\"url\":\"https:\/\/psicologoberlino.com\/de\/\",\"name\":\"Caterina Nicolosi Gan\u00dfmann\",\"description\":\"\",\"potentialAction\":[{\"@type\":\"SearchAction\",\"target\":{\"@type\":\"EntryPoint\",\"urlTemplate\":\"https:\/\/psicologoberlino.com\/de\/?s={search_term_string}\"},\"query-input\":{\"@type\":\"PropertyValueSpecification\",\"valueRequired\":true,\"valueName\":\"search_term_string\"}}],\"inLanguage\":\"de\"}]}<\/script>\n<!-- \/ Yoast SEO plugin. -->","yoast_head_json":{"title":"Psychologin in Berlin - Caterina Nicolosi Gan\u00dfmann","robots":{"index":"index","follow":"follow","max-snippet":"max-snippet:-1","max-image-preview":"max-image-preview:large","max-video-preview":"max-video-preview:-1"},"canonical":"https:\/\/psicologoberlino.com\/de\/psicologa-a-berlino\/","og_locale":"de_DE","og_type":"article","og_title":"Psychologin in Berlin - Caterina Nicolosi Gan\u00dfmann","og_description":"[vc_row][vc_column width=&#8220;1\/2&#8243;][\/vc_column][vc_column width=&#8220;1\/2&#8243;][vc_column_text] Mit Vergn\u00fcgen, Caterina [\/vc_column_text][vc_column_text]Mein Name ist\u00a0Caterina Nicolosi Gan\u00dfmann\u00a0und ich bin von Beruf Dipl.-Psychologin. Ich bin Italienerin und lebe und arbeite in Berlin. Meine Ausbildung in Gestalttherapie und Psychoanalyse nach C. G. Jung habe ich, w\u00e4hrend meines Studiums in Klinischer Psychologie an der Universit\u00e4t La Sapienza in Rom, begonnen. W\u00e4hrend meiner f\u00fcnfj\u00e4hrigen beruflichen [&hellip;]","og_url":"https:\/\/psicologoberlino.com\/de\/psicologa-a-berlino\/","og_site_name":"Caterina Nicolosi Gan\u00dfmann","article_modified_time":"2024-08-17T15:18:13+00:00","twitter_card":"summary_large_image","twitter_misc":{"Gesch\u00e4tzte Lesezeit":"3\u00a0Minuten"},"schema":{"@context":"https:\/\/schema.org","@graph":[{"@type":"WebPage","@id":"https:\/\/psicologoberlino.com\/de\/psicologa-a-berlino\/","url":"https:\/\/psicologoberlino.com\/de\/psicologa-a-berlino\/","name":"Psychologin in Berlin - Caterina Nicolosi Gan\u00dfmann","isPartOf":{"@id":"https:\/\/psicologoberlino.com\/de\/#website"},"datePublished":"2024-03-19T22:18:54+00:00","dateModified":"2024-08-17T15:18:13+00:00","breadcrumb":{"@id":"https:\/\/psicologoberlino.com\/de\/psicologa-a-berlino\/#breadcrumb"},"inLanguage":"de","potentialAction":[{"@type":"ReadAction","target":["https:\/\/psicologoberlino.com\/de\/psicologa-a-berlino\/"]}]},{"@type":"BreadcrumbList","@id":"https:\/\/psicologoberlino.com\/de\/psicologa-a-berlino\/#breadcrumb","itemListElement":[{"@type":"ListItem","position":1,"name":"Home","item":"https:\/\/psicologoberlino.com\/de\/"},{"@type":"ListItem","position":2,"name":"Psychologin in Berlin"}]},{"@type":"WebSite","@id":"https:\/\/psicologoberlino.com\/de\/#website","url":"https:\/\/psicologoberlino.com\/de\/","name":"Caterina Nicolosi Gan\u00dfmann","description":"","potentialAction":[{"@type":"SearchAction","target":{"@type":"EntryPoint","urlTemplate":"https:\/\/psicologoberlino.com\/de\/?s={search_term_string}"},"query-input":{"@type":"PropertyValueSpecification","valueRequired":true,"valueName":"search_term_string"}}],"inLanguage":"de"}]}},"_links":{"self":[{"href":"https:\/\/psicologoberlino.com\/de\/wp-json\/wp\/v2\/pages\/3661","targetHints":{"allow":["GET"]}}],"collection":[{"href":"https:\/\/psicologoberlino.com\/de\/wp-json\/wp\/v2\/pages"}],"about":[{"href":"https:\/\/psicologoberlino.com\/de\/wp-json\/wp\/v2\/types\/page"}],"author":[{"embeddable":true,"href":"https:\/\/psicologoberlino.com\/de\/wp-json\/wp\/v2\/users\/1"}],"replies":[{"embeddable":true,"href":"https:\/\/psicologoberlino.com\/de\/wp-json\/wp\/v2\/comments?post=3661"}],"version-history":[{"count":2,"href":"https:\/\/psicologoberlino.com\/de\/wp-json\/wp\/v2\/pages\/3661\/revisions"}],"predecessor-version":[{"id":3665,"href":"https:\/\/psicologoberlino.com\/de\/wp-json\/wp\/v2\/pages\/3661\/revisions\/3665"}],"wp:attachment":[{"href":"https:\/\/psicologoberlino.com\/de\/wp-json\/wp\/v2\/media?parent=3661"}],"curies":[{"name":"wp","href":"https:\/\/api.w.org\/{rel}","templated":true}]}}