{"id":3638,"date":"2024-04-23T23:41:39","date_gmt":"2024-04-23T21:41:39","guid":{"rendered":"https:\/\/psicoterapiaberlino.de\/la-terapia\/"},"modified":"2024-08-17T16:06:41","modified_gmt":"2024-08-17T14:06:41","slug":"la-terapia","status":"publish","type":"page","link":"https:\/\/psicologoberlino.com\/de\/la-terapia\/","title":{"rendered":"Die Therapie"},"content":{"rendered":"<div class=\"wpb-content-wrapper\"><p>[vc_row full_width=&#8220;stretch_row_content_no_spaces&#8220;][vc_column][vc_single_image image=&#8220;3430&#8243; img_size=&#8220;full&#8220;][\/vc_column][\/vc_row][vc_row][vc_column][vc_column_text]<\/p>\n<h2 style=\"text-align: center;\">Die Therapie<\/h2>\n<p>[\/vc_column_text][vc_column_text]<\/p>\n<h3><strong>GESPR\u00c4CHSTHERAPIE UND PSYCHOTHERAPIE<\/strong><\/h3>\n<p>Gespr\u00e4chstherapie und Psychotherapie sind der modernste Weg, einen Patienten in einem Ver\u00e4nderungsprozess zu begleiten. Er lernt hierdurch, sich auf sich selbst zu besinnen und Verantwortung zu \u00fcbernehmen, unterst\u00fctzt durch eine klare Sicht auf die Realit\u00e4t und nicht beeinflusst durch eine unterbewusste Motivation.<\/p>\n<p>Gespr\u00e4chstherapie und Psychotherapie stellen eine Art Befreiung von Illusionen und Hindernissen dar, die auf Erfahrungen in der Vergangenheit basieren.<\/p>\n<p>Die Therapien bieten Ihnen Folgendes:[\/vc_column_text][vc_column_text el_class=&#8220;text-blue&#8220;]<\/p>\n<ul>\n<li>Sie bieten ein aktives Zuh\u00f6ren.<\/li>\n<li>Sie sind frei von Vorurteilen.<\/li>\n<li>Ziele sind die innere Befangenheit zu senken und innere Ressourcen zu aktivieren, um Wege zu finden, dem Leben eine neue Bedeutung zu geben.<\/li>\n<li>Sie bilden einen sicheren Ort und helfen, in Kontakt mit den eigenen Gef\u00fchlen zu kommen, um einen Ver\u00e4nderungsprozess zu aktivieren.<\/li>\n<li>Sie folgen dem Prinzip von Respekt, W\u00fcrde und eigener Identit\u00e4t.<\/li>\n<li>Sie erweitern das Wissen des eigenen Inneren und der Beziehungen zu anderen.<\/li>\n<li>Sie sind individuelle Wege, weil jede Person einmalig ist.<\/li>\n<li>Sie unterliegen der Schweigepflicht.<\/li>\n<li><\/li>\n<\/ul>\n<p>[\/vc_column_text][vc_column_text]<\/p>\n<h3><b><strong>DIE \u00c4RZTLICHE SCHWEIGEPFLICHT<\/strong><\/b><\/h3>\n<div class=\"tm_pb_text tm_pb_module tm_pb_bg_layout_light tm_pb_text_align_center tm_pb_text_1\">\n<p>Die \u00e4rztliche Schweigepflicht ist sowohl im Strafgesetzbuch (\u00a7 203 StGB) als auch in den Berufsordnungen der Landes\u00e4rztekammern (\u00a7 9 BO) geregelt.<\/p>\n<\/div>\n<p>[\/vc_column_text][\/vc_column][\/vc_row][vc_row full_width=&#8220;stretch_row_content&#8220; equal_height=&#8220;yes&#8220; content_placement=&#8220;middle&#8220; el_class=&#8220;text-image-row&#8220;][vc_column width=&#8220;1\/2&#8243; el_class=&#8220;text-white&#8220; css=&#8220;.vc_custom_1716201186609{background-color: #d33c14 !important;}&#8220;][vc_column_text]<\/p>\n<h2 style=\"text-align: center;\">Bitte z\u00f6gere nicht, mich zu kontaktieren.<\/h2>\n<p style=\"text-align: center;\"><strong>Telefon:<\/strong><br \/>\n<a href=\"tel:00491602789362\">+49(0) 160 2789 362<\/a><\/p>\n<p style=\"text-align: center;\"><strong>E-Mail:<\/strong><br \/>\n<a class=\"mail-link\" href=\"mailto:infoMAILpsicologoberlinoPUNKTcom\">info[at]psicologoberlino.com<\/a><\/p>\n<p style=\"text-align: center;\">Ich werde Sie so schnell wie m\u00f6glich zur\u00fcckrufen oder antworten.<\/p>\n<p>[\/vc_column_text][vc_btn title=&#8220;Kontakt aufnehmen&#8220; align=&#8220;center&#8220; link=&#8220;url:https%3A%2F%2Fpsicoterapiaberlino.de%2F%23contatto|title:Contattami&#8220; el_class=&#8220;btn-white&#8220;][\/vc_column][vc_column width=&#8220;1\/2&#8243;][vc_single_image image=&#8220;3260&#8243; img_size=&#8220;full&#8220;][\/vc_column][\/vc_row]<\/p>\n<\/div>","protected":false},"excerpt":{"rendered":"<p>[vc_row full_width=&#8220;stretch_row_content_no_spaces&#8220;][vc_column][vc_single_image image=&#8220;3430&#8243; img_size=&#8220;full&#8220;][\/vc_column][\/vc_row][vc_row][vc_column][vc_column_text] Die Therapie [\/vc_column_text][vc_column_text] GESPR\u00c4CHSTHERAPIE UND PSYCHOTHERAPIE Gespr\u00e4chstherapie und Psychotherapie sind der modernste Weg, einen Patienten in einem Ver\u00e4nderungsprozess zu begleiten. Er lernt hierdurch, sich auf sich selbst zu besinnen und Verantwortung zu \u00fcbernehmen, unterst\u00fctzt durch eine klare Sicht auf die Realit\u00e4t und nicht beeinflusst durch eine unterbewusste Motivation. Gespr\u00e4chstherapie und Psychotherapie [&hellip;]<\/p>\n","protected":false},"author":1,"featured_media":0,"parent":0,"menu_order":0,"comment_status":"closed","ping_status":"closed","template":"","meta":{"footnotes":""},"class_list":["post-3638","page","type-page","status-publish","hentry"],"yoast_head":"<!-- This site is optimized with the Yoast SEO plugin v27.1.1 - https:\/\/yoast.com\/product\/yoast-seo-wordpress\/ -->\n<title>Die Therapie - Caterina Nicolosi Gan\u00dfmann<\/title>\n<meta name=\"robots\" content=\"index, follow, max-snippet:-1, max-image-preview:large, max-video-preview:-1\" \/>\n<link rel=\"canonical\" href=\"https:\/\/psicologoberlino.com\/de\/la-terapia\/\" \/>\n<meta property=\"og:locale\" content=\"de_DE\" \/>\n<meta property=\"og:type\" content=\"article\" \/>\n<meta property=\"og:title\" content=\"Die Therapie - Caterina Nicolosi Gan\u00dfmann\" \/>\n<meta property=\"og:description\" content=\"[vc_row full_width=&#8220;stretch_row_content_no_spaces&#8220;][vc_column][vc_single_image image=&#8220;3430&#8243; img_size=&#8220;full&#8220;][\/vc_column][\/vc_row][vc_row][vc_column][vc_column_text] Die Therapie [\/vc_column_text][vc_column_text] GESPR\u00c4CHSTHERAPIE UND PSYCHOTHERAPIE Gespr\u00e4chstherapie und Psychotherapie sind der modernste Weg, einen Patienten in einem Ver\u00e4nderungsprozess zu begleiten. Er lernt hierdurch, sich auf sich selbst zu besinnen und Verantwortung zu \u00fcbernehmen, unterst\u00fctzt durch eine klare Sicht auf die Realit\u00e4t und nicht beeinflusst durch eine unterbewusste Motivation. Gespr\u00e4chstherapie und Psychotherapie [&hellip;]\" \/>\n<meta property=\"og:url\" content=\"https:\/\/psicologoberlino.com\/de\/la-terapia\/\" \/>\n<meta property=\"og:site_name\" content=\"Caterina Nicolosi Gan\u00dfmann\" \/>\n<meta property=\"article:modified_time\" content=\"2024-08-17T14:06:41+00:00\" \/>\n<meta name=\"twitter:card\" content=\"summary_large_image\" \/>\n<meta name=\"twitter:label1\" content=\"Gesch\u00e4tzte Lesezeit\" \/>\n\t<meta name=\"twitter:data1\" content=\"2\u00a0Minuten\" \/>\n<script type=\"application\/ld+json\" class=\"yoast-schema-graph\">{\"@context\":\"https:\/\/schema.org\",\"@graph\":[{\"@type\":\"WebPage\",\"@id\":\"https:\/\/psicologoberlino.com\/de\/la-terapia\/\",\"url\":\"https:\/\/psicologoberlino.com\/de\/la-terapia\/\",\"name\":\"Die Therapie - Caterina Nicolosi Gan\u00dfmann\",\"isPartOf\":{\"@id\":\"https:\/\/psicologoberlino.com\/de\/#website\"},\"datePublished\":\"2024-04-23T21:41:39+00:00\",\"dateModified\":\"2024-08-17T14:06:41+00:00\",\"breadcrumb\":{\"@id\":\"https:\/\/psicologoberlino.com\/de\/la-terapia\/#breadcrumb\"},\"inLanguage\":\"de\",\"potentialAction\":[{\"@type\":\"ReadAction\",\"target\":[\"https:\/\/psicologoberlino.com\/de\/la-terapia\/\"]}]},{\"@type\":\"BreadcrumbList\",\"@id\":\"https:\/\/psicologoberlino.com\/de\/la-terapia\/#breadcrumb\",\"itemListElement\":[{\"@type\":\"ListItem\",\"position\":1,\"name\":\"Home\",\"item\":\"https:\/\/psicologoberlino.com\/de\/\"},{\"@type\":\"ListItem\",\"position\":2,\"name\":\"Die Therapie\"}]},{\"@type\":\"WebSite\",\"@id\":\"https:\/\/psicologoberlino.com\/de\/#website\",\"url\":\"https:\/\/psicologoberlino.com\/de\/\",\"name\":\"Caterina Nicolosi Gan\u00dfmann\",\"description\":\"\",\"potentialAction\":[{\"@type\":\"SearchAction\",\"target\":{\"@type\":\"EntryPoint\",\"urlTemplate\":\"https:\/\/psicologoberlino.com\/de\/?s={search_term_string}\"},\"query-input\":{\"@type\":\"PropertyValueSpecification\",\"valueRequired\":true,\"valueName\":\"search_term_string\"}}],\"inLanguage\":\"de\"}]}<\/script>\n<!-- \/ Yoast SEO plugin. -->","yoast_head_json":{"title":"Die Therapie - Caterina Nicolosi Gan\u00dfmann","robots":{"index":"index","follow":"follow","max-snippet":"max-snippet:-1","max-image-preview":"max-image-preview:large","max-video-preview":"max-video-preview:-1"},"canonical":"https:\/\/psicologoberlino.com\/de\/la-terapia\/","og_locale":"de_DE","og_type":"article","og_title":"Die Therapie - Caterina Nicolosi Gan\u00dfmann","og_description":"[vc_row full_width=&#8220;stretch_row_content_no_spaces&#8220;][vc_column][vc_single_image image=&#8220;3430&#8243; img_size=&#8220;full&#8220;][\/vc_column][\/vc_row][vc_row][vc_column][vc_column_text] Die Therapie [\/vc_column_text][vc_column_text] GESPR\u00c4CHSTHERAPIE UND PSYCHOTHERAPIE Gespr\u00e4chstherapie und Psychotherapie sind der modernste Weg, einen Patienten in einem Ver\u00e4nderungsprozess zu begleiten. Er lernt hierdurch, sich auf sich selbst zu besinnen und Verantwortung zu \u00fcbernehmen, unterst\u00fctzt durch eine klare Sicht auf die Realit\u00e4t und nicht beeinflusst durch eine unterbewusste Motivation. Gespr\u00e4chstherapie und Psychotherapie [&hellip;]","og_url":"https:\/\/psicologoberlino.com\/de\/la-terapia\/","og_site_name":"Caterina Nicolosi Gan\u00dfmann","article_modified_time":"2024-08-17T14:06:41+00:00","twitter_card":"summary_large_image","twitter_misc":{"Gesch\u00e4tzte Lesezeit":"2\u00a0Minuten"},"schema":{"@context":"https:\/\/schema.org","@graph":[{"@type":"WebPage","@id":"https:\/\/psicologoberlino.com\/de\/la-terapia\/","url":"https:\/\/psicologoberlino.com\/de\/la-terapia\/","name":"Die Therapie - Caterina Nicolosi Gan\u00dfmann","isPartOf":{"@id":"https:\/\/psicologoberlino.com\/de\/#website"},"datePublished":"2024-04-23T21:41:39+00:00","dateModified":"2024-08-17T14:06:41+00:00","breadcrumb":{"@id":"https:\/\/psicologoberlino.com\/de\/la-terapia\/#breadcrumb"},"inLanguage":"de","potentialAction":[{"@type":"ReadAction","target":["https:\/\/psicologoberlino.com\/de\/la-terapia\/"]}]},{"@type":"BreadcrumbList","@id":"https:\/\/psicologoberlino.com\/de\/la-terapia\/#breadcrumb","itemListElement":[{"@type":"ListItem","position":1,"name":"Home","item":"https:\/\/psicologoberlino.com\/de\/"},{"@type":"ListItem","position":2,"name":"Die Therapie"}]},{"@type":"WebSite","@id":"https:\/\/psicologoberlino.com\/de\/#website","url":"https:\/\/psicologoberlino.com\/de\/","name":"Caterina Nicolosi Gan\u00dfmann","description":"","potentialAction":[{"@type":"SearchAction","target":{"@type":"EntryPoint","urlTemplate":"https:\/\/psicologoberlino.com\/de\/?s={search_term_string}"},"query-input":{"@type":"PropertyValueSpecification","valueRequired":true,"valueName":"search_term_string"}}],"inLanguage":"de"}]}},"_links":{"self":[{"href":"https:\/\/psicologoberlino.com\/de\/wp-json\/wp\/v2\/pages\/3638","targetHints":{"allow":["GET"]}}],"collection":[{"href":"https:\/\/psicologoberlino.com\/de\/wp-json\/wp\/v2\/pages"}],"about":[{"href":"https:\/\/psicologoberlino.com\/de\/wp-json\/wp\/v2\/types\/page"}],"author":[{"embeddable":true,"href":"https:\/\/psicologoberlino.com\/de\/wp-json\/wp\/v2\/users\/1"}],"replies":[{"embeddable":true,"href":"https:\/\/psicologoberlino.com\/de\/wp-json\/wp\/v2\/comments?post=3638"}],"version-history":[{"count":3,"href":"https:\/\/psicologoberlino.com\/de\/wp-json\/wp\/v2\/pages\/3638\/revisions"}],"predecessor-version":[{"id":3641,"href":"https:\/\/psicologoberlino.com\/de\/wp-json\/wp\/v2\/pages\/3638\/revisions\/3641"}],"wp:attachment":[{"href":"https:\/\/psicologoberlino.com\/de\/wp-json\/wp\/v2\/media?parent=3638"}],"curies":[{"name":"wp","href":"https:\/\/api.w.org\/{rel}","templated":true}]}}