{"id":3605,"date":"2024-04-23T23:40:44","date_gmt":"2024-04-23T21:40:44","guid":{"rendered":"https:\/\/psicoterapiaberlino.de\/aree-di-intervento\/"},"modified":"2024-08-31T14:13:43","modified_gmt":"2024-08-31T12:13:43","slug":"bereiche-der-intervention","status":"publish","type":"page","link":"https:\/\/psicologoberlino.com\/de\/bereiche-der-intervention\/","title":{"rendered":"Spezialisierungen"},"content":{"rendered":"<div class=\"wpb-content-wrapper\"><p>[vc_row full_width=&#8220;stretch_row_content_no_spaces&#8220;][vc_column][vc_single_image image=&#8220;3417&#8243; img_size=&#8220;full&#8220; alignment=&#8220;center&#8220;][\/vc_column][\/vc_row][vc_row][vc_column][vc_column_text]<\/p>\n<h1 style=\"text-align: center;\">Spezialisierungen<\/h1>\n<p>[\/vc_column_text][vc_column_text]<img loading=\"lazy\" decoding=\"async\" class=\"alignnone size-medium wp-image-3406\" src=\"https:\/\/psicoterapiaberlino.de\/wp-content\/uploads\/2024\/05\/aree-di-intervento-1-300x201.jpg\" alt=\"\" width=\"300\" height=\"201\" srcset=\"https:\/\/psicologoberlino.com\/wp-content\/uploads\/2024\/05\/aree-di-intervento-1-300x201.jpg 300w, https:\/\/psicologoberlino.com\/wp-content\/uploads\/2024\/05\/aree-di-intervento-1.jpg 350w\" sizes=\"auto, (max-width: 300px) 100vw, 300px\" \/>Wenn Sie sich f\u00fcr eine Therapie entschieden haben, bedeutet das, dass Sie einen Ver\u00e4nderungswunsch haben. Dieser Ver\u00e4nderungswunsch produziert normalerweise eine gewisse Spannung und ein Leiden. In dieser Phase ist es f\u00fcr Menschen oftmals schwer, den Grund des eigenen inneren Schmerzes klar zu erkennen. Die erste Zeit unserer Zusammenarbeit besteht darin, den Grund f\u00fcr Ihr Leiden herauszufiltern und das zu erreichende Ziel festzulegen, wobei in dieser Phase oft schon die ersten Ver\u00e4nderungen zu erkennen sind.[\/vc_column_text][vc_column_text]Wir werden einen kurzen Blick in Ihre Vergangenheit werfen, da diese das jetzige Sein bestimmt. Unsere Zusammenarbeit wird sich aber auf das Hier und Jetzt und auf Ihre gew\u00fcnschte Ver\u00e4nderung fokussieren.<\/p>\n<p>In der zweiten Phase werden wir einen \u00c4nderungsprozess aktivieren, um Ihre Ziele zu erreichen. Ich werde Sie bei der Entwicklung, Erprobung und Umsetzung Ihrer neuen L\u00f6sungen und beim \u00dcberwinden eventueller Hindernisse unterst\u00fctzen.[\/vc_column_text][\/vc_column][\/vc_row][vc_row][vc_column][vc_column_text el_class=&#8220;text-blue&#8220;]<\/p>\n<h3><strong><em>Ich kann Ihnen bei folgenden St\u00f6rungen oder Problemen helfen:<\/em><\/strong><\/h3>\n<ul>\n<li><strong>\u00c4ngste und Phobien\u00a0<\/strong>( generalisierte Angstst\u00f6rung, Panikattacken, spezifische Phobien wie Spinnenphobien, Flugangst, Klaustrophobie (Angst in engen R\u00e4umen), soziale Phobie)<\/li>\n<li><strong>Stress-Syndrome\u00a0<\/strong>infolge hochgradiger Beanspruchung am Arbeitsplatz oder im Privatleben (z.B.\u00a0<strong>Burn-Out<\/strong>, chronischer Stress)<\/li>\n<li>Probleme und Konflikte von\u00a0<strong>Paaren<\/strong><\/li>\n<li><strong>Familienprobleme\u00a0<\/strong>und Konflikte<\/li>\n<li><strong>Traumen<\/strong><\/li>\n<li><strong>Postpartale Depression<\/strong><\/li>\n<li>Probleme im Prozess der\u00a0<strong>kulturellen Integration<\/strong><\/li>\n<li><strong>Depressionen<\/strong>\u00a0(Trauer, Freudlosigkeit, fehlende Zukunftsperspektiven, gedr\u00fcckte Stimmung, Schlafst\u00f6rungen)<\/li>\n<li>Probleme bei der Regulierung\u00a0<strong>unerw\u00fcnschten Verhaltens (emotionale Abh\u00e4ngigkeit, unkontrollierte Aggression)<\/strong><\/li>\n<li><strong>Verlust und Trauer<\/strong><\/li>\n<li>Unbehagen in\u00a0<strong>sozialen oder Arbeitsbeziehungen<\/strong><\/li>\n<li><strong>Dysfunktionale Denkmuster<\/strong><\/li>\n<li><strong>Probleme in der Entscheidungsfindung\u00a0<\/strong>und der Anpassung in\u00a0<strong>Krisensituationen\u00a0<\/strong>und \u00e4u\u00dferen oder inneren Umbr\u00fcchen (z.B. Umzug ins Ausland, Verlust des Arbeitsplatzes, Anpassung an neue Lebenszusammenh\u00e4nge, Trennungen, etc.)<\/li>\n<li>Eigene und zwischenmenschliche\u00a0<strong>Konfliktbew\u00e4ltigung<\/strong><\/li>\n<li>Probleme des\u00a0<strong>Selbstwerts und des Durchsetzungsverm\u00f6gens\u00a0<\/strong>(z.B. Unsicherheit, Beziehungsschwierigkeiten, soziale Isolation, Kommunikationsst\u00f6rungen, existentielles Unbehagen)<\/li>\n<li><strong>Beziehungsprobleme\u00a0<\/strong>und gef\u00fchlsm\u00e4\u00dfige (affektive) Probleme<\/li>\n<li>Zwischenmenschliche\u00a0<strong>Kommunikation\u00a0<\/strong>und Unterst\u00fctzung f\u00fcr pers\u00f6nliches Wachstum und Entwicklung<\/li>\n<li><strong>Entwicklungsschwierigkeiten\u00a0<\/strong>in den Phasen des Heranwachsens und der Pers\u00f6nlichkeitsentwicklung<\/li>\n<li><strong>Bindungsst\u00f6rungen<\/strong><\/li>\n<li><strong>Psychosomatische St\u00f6rungen<\/strong><\/li>\n<li><strong>Abh\u00e4ngigkeit\u00a0<\/strong><strong>und Missbrauch von Bet\u00e4ubungs- oder Rauschmitteln\u00a0<\/strong>(Tabak, Alkohol, Medikamente, Gl\u00fccksspiel etc.)<\/li>\n<\/ul>\n<p>[\/vc_column_text][\/vc_column][\/vc_row][vc_row full_width=&#8220;stretch_row_content&#8220; equal_height=&#8220;yes&#8220; content_placement=&#8220;middle&#8220; el_class=&#8220;text-image-row&#8220;][vc_column width=&#8220;1\/2&#8243; el_class=&#8220;text-white&#8220; css=&#8220;.vc_custom_1716201186609{background-color: #d33c14 !important;}&#8220;][vc_column_text]<\/p>\n<h2 style=\"text-align: center;\">Bitte z\u00f6gere nicht, mich zu kontaktieren.<\/h2>\n<p style=\"text-align: center;\"><strong>Telefonnr.:<\/strong><br \/>\n<a href=\"tel:00491602789362\">+49(0) 160 2789 362<\/a><\/p>\n<p style=\"text-align: center;\"><strong>E-Mail:<\/strong><br \/>\n<a class=\"mail-link\" href=\"mailto:infoMAILpsicologoberlinoPUNKTcom\">info[at]psicologoberlino.com<\/a><\/p>\n<p style=\"text-align: center;\">Ich werde Sie so schnell wie m\u00f6glich zur\u00fcckrufen oder antworten.<\/p>\n<p>[\/vc_column_text][vc_btn title=&#8220;Schreiben Sie Mir&#8220; align=&#8220;center&#8220; link=&#8220;url:https%3A%2F%2Fpsicoterapiaberlino.de%2F%23contatto|title:Contattami&#8220; el_class=&#8220;btn-white&#8220;][\/vc_column][vc_column width=&#8220;1\/2&#8243;][vc_single_image image=&#8220;3260&#8243; img_size=&#8220;full&#8220;][\/vc_column][\/vc_row]<\/p>\n<\/div>","protected":false},"excerpt":{"rendered":"<p>[vc_row full_width=&#8220;stretch_row_content_no_spaces&#8220;][vc_column][vc_single_image image=&#8220;3417&#8243; img_size=&#8220;full&#8220; alignment=&#8220;center&#8220;][\/vc_column][\/vc_row][vc_row][vc_column][vc_column_text] Spezialisierungen [\/vc_column_text][vc_column_text]Wenn Sie sich f\u00fcr eine Therapie entschieden haben, bedeutet das, dass Sie einen Ver\u00e4nderungswunsch haben. Dieser Ver\u00e4nderungswunsch produziert normalerweise eine gewisse Spannung und ein Leiden. In dieser Phase ist es f\u00fcr Menschen oftmals schwer, den Grund des eigenen inneren Schmerzes klar zu erkennen. Die erste Zeit unserer Zusammenarbeit besteht [&hellip;]<\/p>\n","protected":false},"author":1,"featured_media":0,"parent":0,"menu_order":0,"comment_status":"closed","ping_status":"closed","template":"","meta":{"footnotes":""},"class_list":["post-3605","page","type-page","status-publish","hentry"],"yoast_head":"<!-- This site is optimized with the Yoast SEO plugin v27.1.1 - https:\/\/yoast.com\/product\/yoast-seo-wordpress\/ -->\n<title>Spezialisierungen - Caterina Nicolosi Gan\u00dfmann<\/title>\n<meta name=\"robots\" content=\"index, follow, max-snippet:-1, max-image-preview:large, max-video-preview:-1\" \/>\n<link rel=\"canonical\" href=\"https:\/\/psicologoberlino.com\/de\/bereiche-der-intervention\/\" \/>\n<meta property=\"og:locale\" content=\"de_DE\" \/>\n<meta property=\"og:type\" content=\"article\" \/>\n<meta property=\"og:title\" content=\"Spezialisierungen - Caterina Nicolosi Gan\u00dfmann\" \/>\n<meta property=\"og:description\" content=\"[vc_row full_width=&#8220;stretch_row_content_no_spaces&#8220;][vc_column][vc_single_image image=&#8220;3417&#8243; img_size=&#8220;full&#8220; alignment=&#8220;center&#8220;][\/vc_column][\/vc_row][vc_row][vc_column][vc_column_text] Spezialisierungen [\/vc_column_text][vc_column_text]Wenn Sie sich f\u00fcr eine Therapie entschieden haben, bedeutet das, dass Sie einen Ver\u00e4nderungswunsch haben. Dieser Ver\u00e4nderungswunsch produziert normalerweise eine gewisse Spannung und ein Leiden. In dieser Phase ist es f\u00fcr Menschen oftmals schwer, den Grund des eigenen inneren Schmerzes klar zu erkennen. Die erste Zeit unserer Zusammenarbeit besteht [&hellip;]\" \/>\n<meta property=\"og:url\" content=\"https:\/\/psicologoberlino.com\/de\/bereiche-der-intervention\/\" \/>\n<meta property=\"og:site_name\" content=\"Caterina Nicolosi Gan\u00dfmann\" \/>\n<meta property=\"article:modified_time\" content=\"2024-08-31T12:13:43+00:00\" \/>\n<meta property=\"og:image\" content=\"https:\/\/psicoterapiaberlino.de\/wp-content\/uploads\/2024\/05\/aree-di-intervento-1-300x201.jpg\" \/>\n<meta name=\"twitter:card\" content=\"summary_large_image\" \/>\n<meta name=\"twitter:label1\" content=\"Gesch\u00e4tzte Lesezeit\" \/>\n\t<meta name=\"twitter:data1\" content=\"3\u00a0Minuten\" \/>\n<script type=\"application\/ld+json\" class=\"yoast-schema-graph\">{\"@context\":\"https:\/\/schema.org\",\"@graph\":[{\"@type\":\"WebPage\",\"@id\":\"https:\/\/psicologoberlino.com\/de\/bereiche-der-intervention\/\",\"url\":\"https:\/\/psicologoberlino.com\/de\/bereiche-der-intervention\/\",\"name\":\"Spezialisierungen - Caterina Nicolosi Gan\u00dfmann\",\"isPartOf\":{\"@id\":\"https:\/\/psicologoberlino.com\/de\/#website\"},\"primaryImageOfPage\":{\"@id\":\"https:\/\/psicologoberlino.com\/de\/bereiche-der-intervention\/#primaryimage\"},\"image\":{\"@id\":\"https:\/\/psicologoberlino.com\/de\/bereiche-der-intervention\/#primaryimage\"},\"thumbnailUrl\":\"https:\/\/psicoterapiaberlino.de\/wp-content\/uploads\/2024\/05\/aree-di-intervento-1-300x201.jpg\",\"datePublished\":\"2024-04-23T21:40:44+00:00\",\"dateModified\":\"2024-08-31T12:13:43+00:00\",\"breadcrumb\":{\"@id\":\"https:\/\/psicologoberlino.com\/de\/bereiche-der-intervention\/#breadcrumb\"},\"inLanguage\":\"de\",\"potentialAction\":[{\"@type\":\"ReadAction\",\"target\":[\"https:\/\/psicologoberlino.com\/de\/bereiche-der-intervention\/\"]}]},{\"@type\":\"ImageObject\",\"inLanguage\":\"de\",\"@id\":\"https:\/\/psicologoberlino.com\/de\/bereiche-der-intervention\/#primaryimage\",\"url\":\"https:\/\/psicoterapiaberlino.de\/wp-content\/uploads\/2024\/05\/aree-di-intervento-1-300x201.jpg\",\"contentUrl\":\"https:\/\/psicoterapiaberlino.de\/wp-content\/uploads\/2024\/05\/aree-di-intervento-1-300x201.jpg\"},{\"@type\":\"BreadcrumbList\",\"@id\":\"https:\/\/psicologoberlino.com\/de\/bereiche-der-intervention\/#breadcrumb\",\"itemListElement\":[{\"@type\":\"ListItem\",\"position\":1,\"name\":\"Home\",\"item\":\"https:\/\/psicologoberlino.com\/de\/\"},{\"@type\":\"ListItem\",\"position\":2,\"name\":\"Spezialisierungen\"}]},{\"@type\":\"WebSite\",\"@id\":\"https:\/\/psicologoberlino.com\/de\/#website\",\"url\":\"https:\/\/psicologoberlino.com\/de\/\",\"name\":\"Caterina Nicolosi Gan\u00dfmann\",\"description\":\"\",\"potentialAction\":[{\"@type\":\"SearchAction\",\"target\":{\"@type\":\"EntryPoint\",\"urlTemplate\":\"https:\/\/psicologoberlino.com\/de\/?s={search_term_string}\"},\"query-input\":{\"@type\":\"PropertyValueSpecification\",\"valueRequired\":true,\"valueName\":\"search_term_string\"}}],\"inLanguage\":\"de\"}]}<\/script>\n<!-- \/ Yoast SEO plugin. -->","yoast_head_json":{"title":"Spezialisierungen - Caterina Nicolosi Gan\u00dfmann","robots":{"index":"index","follow":"follow","max-snippet":"max-snippet:-1","max-image-preview":"max-image-preview:large","max-video-preview":"max-video-preview:-1"},"canonical":"https:\/\/psicologoberlino.com\/de\/bereiche-der-intervention\/","og_locale":"de_DE","og_type":"article","og_title":"Spezialisierungen - Caterina Nicolosi Gan\u00dfmann","og_description":"[vc_row full_width=&#8220;stretch_row_content_no_spaces&#8220;][vc_column][vc_single_image image=&#8220;3417&#8243; img_size=&#8220;full&#8220; alignment=&#8220;center&#8220;][\/vc_column][\/vc_row][vc_row][vc_column][vc_column_text] Spezialisierungen [\/vc_column_text][vc_column_text]Wenn Sie sich f\u00fcr eine Therapie entschieden haben, bedeutet das, dass Sie einen Ver\u00e4nderungswunsch haben. Dieser Ver\u00e4nderungswunsch produziert normalerweise eine gewisse Spannung und ein Leiden. In dieser Phase ist es f\u00fcr Menschen oftmals schwer, den Grund des eigenen inneren Schmerzes klar zu erkennen. Die erste Zeit unserer Zusammenarbeit besteht [&hellip;]","og_url":"https:\/\/psicologoberlino.com\/de\/bereiche-der-intervention\/","og_site_name":"Caterina Nicolosi Gan\u00dfmann","article_modified_time":"2024-08-31T12:13:43+00:00","og_image":[{"url":"https:\/\/psicoterapiaberlino.de\/wp-content\/uploads\/2024\/05\/aree-di-intervento-1-300x201.jpg","type":"","width":"","height":""}],"twitter_card":"summary_large_image","twitter_misc":{"Gesch\u00e4tzte Lesezeit":"3\u00a0Minuten"},"schema":{"@context":"https:\/\/schema.org","@graph":[{"@type":"WebPage","@id":"https:\/\/psicologoberlino.com\/de\/bereiche-der-intervention\/","url":"https:\/\/psicologoberlino.com\/de\/bereiche-der-intervention\/","name":"Spezialisierungen - Caterina Nicolosi Gan\u00dfmann","isPartOf":{"@id":"https:\/\/psicologoberlino.com\/de\/#website"},"primaryImageOfPage":{"@id":"https:\/\/psicologoberlino.com\/de\/bereiche-der-intervention\/#primaryimage"},"image":{"@id":"https:\/\/psicologoberlino.com\/de\/bereiche-der-intervention\/#primaryimage"},"thumbnailUrl":"https:\/\/psicoterapiaberlino.de\/wp-content\/uploads\/2024\/05\/aree-di-intervento-1-300x201.jpg","datePublished":"2024-04-23T21:40:44+00:00","dateModified":"2024-08-31T12:13:43+00:00","breadcrumb":{"@id":"https:\/\/psicologoberlino.com\/de\/bereiche-der-intervention\/#breadcrumb"},"inLanguage":"de","potentialAction":[{"@type":"ReadAction","target":["https:\/\/psicologoberlino.com\/de\/bereiche-der-intervention\/"]}]},{"@type":"ImageObject","inLanguage":"de","@id":"https:\/\/psicologoberlino.com\/de\/bereiche-der-intervention\/#primaryimage","url":"https:\/\/psicoterapiaberlino.de\/wp-content\/uploads\/2024\/05\/aree-di-intervento-1-300x201.jpg","contentUrl":"https:\/\/psicoterapiaberlino.de\/wp-content\/uploads\/2024\/05\/aree-di-intervento-1-300x201.jpg"},{"@type":"BreadcrumbList","@id":"https:\/\/psicologoberlino.com\/de\/bereiche-der-intervention\/#breadcrumb","itemListElement":[{"@type":"ListItem","position":1,"name":"Home","item":"https:\/\/psicologoberlino.com\/de\/"},{"@type":"ListItem","position":2,"name":"Spezialisierungen"}]},{"@type":"WebSite","@id":"https:\/\/psicologoberlino.com\/de\/#website","url":"https:\/\/psicologoberlino.com\/de\/","name":"Caterina Nicolosi Gan\u00dfmann","description":"","potentialAction":[{"@type":"SearchAction","target":{"@type":"EntryPoint","urlTemplate":"https:\/\/psicologoberlino.com\/de\/?s={search_term_string}"},"query-input":{"@type":"PropertyValueSpecification","valueRequired":true,"valueName":"search_term_string"}}],"inLanguage":"de"}]}},"_links":{"self":[{"href":"https:\/\/psicologoberlino.com\/de\/wp-json\/wp\/v2\/pages\/3605","targetHints":{"allow":["GET"]}}],"collection":[{"href":"https:\/\/psicologoberlino.com\/de\/wp-json\/wp\/v2\/pages"}],"about":[{"href":"https:\/\/psicologoberlino.com\/de\/wp-json\/wp\/v2\/types\/page"}],"author":[{"embeddable":true,"href":"https:\/\/psicologoberlino.com\/de\/wp-json\/wp\/v2\/users\/1"}],"replies":[{"embeddable":true,"href":"https:\/\/psicologoberlino.com\/de\/wp-json\/wp\/v2\/comments?post=3605"}],"version-history":[{"count":11,"href":"https:\/\/psicologoberlino.com\/de\/wp-json\/wp\/v2\/pages\/3605\/revisions"}],"predecessor-version":[{"id":3671,"href":"https:\/\/psicologoberlino.com\/de\/wp-json\/wp\/v2\/pages\/3605\/revisions\/3671"}],"wp:attachment":[{"href":"https:\/\/psicologoberlino.com\/de\/wp-json\/wp\/v2\/media?parent=3605"}],"curies":[{"name":"wp","href":"https:\/\/api.w.org\/{rel}","templated":true}]}}