{"id":3563,"date":"2024-04-23T07:06:08","date_gmt":"2024-04-23T05:06:08","guid":{"rendered":"https:\/\/psicoterapiaberlino.de\/chi-sono\/"},"modified":"2024-08-17T17:16:06","modified_gmt":"2024-08-17T15:16:06","slug":"wer-ich-bin","status":"publish","type":"page","link":"https:\/\/psicologoberlino.com\/de\/wer-ich-bin\/","title":{"rendered":"Wer ich bin"},"content":{"rendered":"<div class=\"wpb-content-wrapper\"><p>[vc_row full_width=&#8220;stretch_row_content&#8220; equal_height=&#8220;yes&#8220; content_placement=&#8220;middle&#8220; el_class=&#8220;image-text-row&#8220; css=&#8220;.vc_custom_1718646873824{margin-bottom: 0px !important;}&#8220;][vc_column width=&#8220;1\/2&#8243;][vc_single_image image=&#8220;3260&#8243; img_size=&#8220;full&#8220;][\/vc_column][vc_column width=&#8220;1\/2&#8243; el_class=&#8220;text-white&#8220; css=&#8220;.vc_custom_1716589686451{background-color: #3b8796 !important;}&#8220;][vc_column_text]<\/p>\n<h1>\u00dcber mich<\/h1>\n<p>[\/vc_column_text][vc_column_text]<\/p>\n<h2>Mit Vergn\u00fcgen, Caterina<\/h2>\n<hr \/>\n<p>Mein Name ist\u00a0<strong>Caterina Nicolosi Gan\u00dfmann<\/strong>\u00a0und ich bin von Beruf Dipl.-Psychologin.<\/p>\n<p>Ich bin Italienerin und lebe und arbeite in Berlin. Meine Ausbildung in Gestalttherapie und Psychoanalyse nach C. G. Jung habe ich, w\u00e4hrend meines Studiums in Klinischer Psychologie an der Universit\u00e4t La Sapienza in Rom, begonnen.[\/vc_column_text][\/vc_column][\/vc_row][vc_row full_width=&#8220;stretch_row&#8220; equal_height=&#8220;yes&#8220; content_placement=&#8220;middle&#8220; el_class=&#8220;text-white&#8220; css=&#8220;.vc_custom_1718646842629{background-color: #3b8796 !important;}&#8220;][vc_column][vc_column_text]W\u00e4hrend meiner f\u00fcnfj\u00e4hrigen beruflichen Laufbahn habe ich wertvolle praktische Erfahrungen gesammelt, die von gro\u00dfer Bedeutung f\u00fcr meinen beruflichen Werdegang waren und mir geholfen haben, meine F\u00e4higkeiten und mein Fachwissen zu verbessern. In einem Rehabilitationszentrum in Rom f\u00fcr psychisch kranke und drogenabh\u00e4ngige Menschen, habe ich Einzel- und Gruppentherapien durchgef\u00fchrt.<\/p>\n<p>Nachdem ich mein Diplom mit summa cum laude erworben hatte, setzte ich meine Ausbildung zur Psychotherapeutin in Deutschland fort, wo ich anderthalb Jahre Verhaltenstherapie f\u00fcr Kinder und Jugendliche studierte.<\/p>\n<p>Seit 2009 darf ich meine Dienste als Diplom-Psychologin und Heilpraktikerin, insbesondere im Bereich der Psychotherapie, f\u00fcr Selbstzahler anbieten.<\/p>\n<p>Im M\u00e4rz 2017 habe ich nach dreij\u00e4hriger Weiterbildung meine Zusatzqualifikation in systemisch l\u00f6sungorientierter Einzel-, Familien- u. Paartherapie erworben und im Dezember 2017 meine Fortbildung in Traumatherapie am Institut f\u00fcr Traumatherapie von Oliver Schubbe mit der Methode EMDR (Eye Movement Desensitization and Reprocessing) abgeschlossen.<\/p>\n<p>Im Jahr 2017 habe ich zudem Kurse mit Luise Reddemann, der Begr\u00fcnderin der Traumatherapie in Deutschland, \u00fcber Traumatherapie besucht und die Methode PITT (Psychodynamisch Imaginative Traumatherapie) erlernt.<\/p>\n<p>Ich bin zudem auf die Ego State Therapie spezialisiert.<\/p>\n<p>Seit M\u00e4rz 2017 bin ich Mitglied der Systemischen Gesellschaft in Berlin.<\/p>\n<p>Ich lege in meiner Arbeit besonderen Wert darauf, mich bez\u00fcglich aller Neuerungen in der Psychotherapie kontinuierlich auf dem Laufenden zu halten, um eine konstant hohe Qualit\u00e4t meiner Arbeit sicherzustellen.[\/vc_column_text][\/vc_column][\/vc_row][vc_row full_width=&#8220;stretch_row_content&#8220;][vc_column][vc_column_text]<\/p>\n<h2 style=\"text-align: center;\">Wie ich psychologische Hilfe einsetze<\/h2>\n<p>[\/vc_column_text][vc_row_inner][vc_column_inner width=&#8220;1\/3&#8243;][vc_single_image image=&#8220;3376&#8243; img_size=&#8220;medium&#8220; alignment=&#8220;center&#8220; style=&#8220;vc_box_circle_2&#8243;][vc_column_text]<\/p>\n<h3 style=\"text-align: center;\"><a href=\"https:\/\/psicoterapiaberlino.com\/metodi\/\">Methode<\/a><\/h3>\n<p style=\"text-align: center;\">Integrative Psychotherapie mit Erwachsenen, Jugendlichen und Kindern, Einzelgespr\u00e4che mit Erwachsenen, Jugendlichen und Kindern, Paartherapie, Familientherapie, Traumatherapie\u2026<\/p>\n<p>[\/vc_column_text][\/vc_column_inner][vc_column_inner width=&#8220;1\/3&#8243;][vc_single_image image=&#8220;3367&#8243; img_size=&#8220;medium&#8220; alignment=&#8220;center&#8220; style=&#8220;vc_box_circle_2&#8243;][vc_column_text]<\/p>\n<h3 style=\"text-align: center;\"><a href=\"https:\/\/psicoterapiaberlino.com\/aree-di-intervento\/\">Spezialisierungen<\/a><\/h3>\n<p style=\"text-align: center;\">Wenn Sie sich f\u00fcr eine Therapie entschieden haben, bedeutet das, dass Sie einen Ver\u00e4nderungswunsch haben\u2026<\/p>\n<p>[\/vc_column_text][\/vc_column_inner][vc_column_inner width=&#8220;1\/3&#8243;][vc_single_image image=&#8220;3373&#8243; img_size=&#8220;medium&#8220; alignment=&#8220;center&#8220; style=&#8220;vc_box_circle_2&#8243;][vc_column_text]<\/p>\n<h3 style=\"text-align: center;\"><a href=\"https:\/\/psicoterapiaberlino.com\/lo-psicologo\/\">Therapie<\/a><\/h3>\n<p style=\"text-align: center;\">Gespr\u00e4chstherapie und Psychotherapie sind der modernste Weg, einen Patienten in einem Ver\u00e4nderungsprozess zu begleiten. Er lernt hierdurch, \u2026<\/p>\n<p>[\/vc_column_text][\/vc_column_inner][\/vc_row_inner][\/vc_column][\/vc_row][vc_row full_width=&#8220;stretch_row&#8220; gap=&#8220;20&#8243; equal_height=&#8220;yes&#8220; content_placement=&#8220;top&#8220; el_class=&#8220;text-white&#8220; css=&#8220;.vc_custom_1718747673048{background-color: #3b8796 !important;}&#8220;][vc_column width=&#8220;1\/3&#8243;][vc_raw_html]JTNDZGl2JTIwY2xhc3MlM0QlMjJjb3VudGVyLWNvbnRhaW5lciUyMiUyMGRhdGEtdmFsdWUlM0QlMjIxNiUyMiUzRSUwQSUyMCUyMCUzQ3N2ZyUyMGNsYXNzJTNEJTIyY2lyY2xlLXN2ZyUyMiUyMHdpZHRoJTNEJTIyMjAwJTIyJTIwaGVpZ2h0JTNEJTIyMjAwJTIyJTNFJTBBJTIwJTIwJTIwJTIwJTNDY2lyY2xlJTIwY2xhc3MlM0QlMjJiZy1jaXJjbGUlMjIlMjBjeCUzRCUyMjEwMCUyMiUyMGN5JTNEJTIyMTAwJTIyJTIwciUzRCUyMjk0JTIyJTIwJTJGJTNFJTBBJTIwJTIwJTIwJTIwJTNDY2lyY2xlJTIwY2xhc3MlM0QlMjJmZy1jaXJjbGUlMjIlMjBjeCUzRCUyMjEwMCUyMiUyMGN5JTNEJTIyMTAwJTIyJTIwciUzRCUyMjk0JTIyJTIwJTJGJTNFJTBBJTIwJTIwJTNDJTJGc3ZnJTNFJTBBJTIwJTIwJTNDZGl2JTIwY2xhc3MlM0QlMjJjb3VudGVyLXdyYXBwZXIlMjIlM0UlMEElMjAlMjAlMjAlMjAlM0NzcGFuJTIwY2xhc3MlM0QlMjJjb3VudGVyJTIyJTNFMCUzQyUyRnNwYW4lM0UlMEElMjAlMjAlMjAlMjAlM0NzcGFuJTIwY2xhc3MlM0QlMjJ1bml0JTIyJTNFJTNDJTJGc3BhbiUzRSUwQSUyMCUyMCUzQyUyRmRpdiUzRSUwQSUzQyUyRmRpdiUzRSUwQSUzQ3AlM0VFaW4lMjBMJUMzJUE0Y2hlbG4lMjBmJUMzJUJDciUyMGplZGVuJTIwbWVpbmVyJTIwUGF0aWVudGVuJTNDJTJGcCUzRQ==[\/vc_raw_html][\/vc_column][vc_column width=&#8220;1\/3&#8243;][vc_raw_html]JTNDZGl2JTIwY2xhc3MlM0QlMjJjb3VudGVyLWNvbnRhaW5lciUyMiUyMGRhdGEtdmFsdWUlM0QlMjI5OCUyMiUzRSUwQSUyMCUyMCUzQ3N2ZyUyMGNsYXNzJTNEJTIyY2lyY2xlLXN2ZyUyMiUyMHdpZHRoJTNEJTIyMjAwJTIyJTIwaGVpZ2h0JTNEJTIyMjAwJTIyJTNFJTBBJTIwJTIwJTIwJTIwJTNDY2lyY2xlJTIwY2xhc3MlM0QlMjJiZy1jaXJjbGUlMjIlMjBjeCUzRCUyMjEwMCUyMiUyMGN5JTNEJTIyMTAwJTIyJTIwciUzRCUyMjk0JTIyJTIwJTJGJTNFJTBBJTIwJTIwJTIwJTIwJTNDY2lyY2xlJTIwY2xhc3MlM0QlMjJmZy1jaXJjbGUlMjIlMjBjeCUzRCUyMjEwMCUyMiUyMGN5JTNEJTIyMTAwJTIyJTIwciUzRCUyMjk0JTIyJTIwJTJGJTNFJTBBJTIwJTIwJTNDJTJGc3ZnJTNFJTBBJTIwJTIwJTNDZGl2JTIwY2xhc3MlM0QlMjJjb3VudGVyLXdyYXBwZXIlMjIlM0UlMEElMjAlMjAlMjAlMjAlM0NzcGFuJTIwY2xhc3MlM0QlMjJjb3VudGVyJTIyJTNFMCUzQyUyRnNwYW4lM0UlMEElMjAlMjAlMjAlMjAlM0NzcGFuJTIwY2xhc3MlM0QlMjJ1bml0JTIyJTNFJTI1JTNDJTJGc3BhbiUzRSUwQSUyMCUyMCUzQyUyRmRpdiUzRSUwQSUzQyUyRmRpdiUzRSUwQSUzQ3AlM0VQcm96ZW50c2F0eiUyMGRlciUyMHp1ZnJpZWRlbmVuJTIwUGF0aWVudGVuJTNDJTJGcCUzRQ==[\/vc_raw_html][\/vc_column][vc_column width=&#8220;1\/3&#8243;][vc_raw_html]JTNDZGl2JTIwY2xhc3MlM0QlMjJjb3VudGVyLWNvbnRhaW5lciUyMiUyMGRhdGEtdmFsdWUlM0QlMjI3NiUyMiUzRSUwQSUyMCUyMCUzQ3N2ZyUyMGNsYXNzJTNEJTIyY2lyY2xlLXN2ZyUyMiUyMHdpZHRoJTNEJTIyMjAwJTIyJTIwaGVpZ2h0JTNEJTIyMjAwJTIyJTNFJTBBJTIwJTIwJTIwJTIwJTNDY2lyY2xlJTIwY2xhc3MlM0QlMjJiZy1jaXJjbGUlMjIlMjBjeCUzRCUyMjEwMCUyMiUyMGN5JTNEJTIyMTAwJTIyJTIwciUzRCUyMjk0JTIyJTIwJTJGJTNFJTBBJTIwJTIwJTIwJTIwJTNDY2lyY2xlJTIwY2xhc3MlM0QlMjJmZy1jaXJjbGUlMjIlMjBjeCUzRCUyMjEwMCUyMiUyMGN5JTNEJTIyMTAwJTIyJTIwciUzRCUyMjk0JTIyJTIwJTJGJTNFJTBBJTIwJTIwJTNDJTJGc3ZnJTNFJTBBJTIwJTIwJTNDZGl2JTIwY2xhc3MlM0QlMjJjb3VudGVyLXdyYXBwZXIlMjIlM0UlMEElMjAlMjAlMjAlMjAlM0NzcGFuJTIwY2xhc3MlM0QlMjJjb3VudGVyJTIyJTNFMCUzQyUyRnNwYW4lM0UlMEElMjAlMjAlMjAlMjAlM0NzcGFuJTIwY2xhc3MlM0QlMjJ1bml0JTIyJTNFJTNDJTJGc3BhbiUzRSUwQSUyMCUyMCUzQyUyRmRpdiUzRSUwQSUzQyUyRmRpdiUzRSUwQSUzQ3AlM0VQZXJzJUMzJUI2bmxpY2hlJTIwTmFjaHJpY2h0ZW4lMjB2b24lMjBQYXRpZW50ZW4lMkMlMjBkaWUlMjBzaWNoJTIwYmVpJTIwbWlyJTIwZiVDMyVCQ3IlMjBkaWUlMjBIaWxmZSUyMGJlZGFua3QlMjBoYWJlbiUzQyUyRnAlM0U=[\/vc_raw_html][\/vc_column][\/vc_row][vc_row][vc_column][vc_icon icon_fontawesome=&#8220;fas fa-quote-right&#8220; color=&#8220;custom&#8220; size=&#8220;lg&#8220; align=&#8220;center&#8220; custom_color=&#8220;#007d96&#8243;][vc_column_text]<\/p>\n<blockquote>\n<p style=\"text-align: center;\">Die therapeutische Beziehung darf kein h\u00f6fliches Gespr\u00e4ch oder ein Gespr\u00e4ch im Wohnzimmer sein, sondern muss den Charakter von Unmittelbarkeit haben: Der Analytiker darf niemals l\u00fcgen, noch versuchen, zu gefallen oder zu beeindrucken. Er muss er selbst bleiben, was bedeutet, dass er mit sich selbst gearbeitet haben muss.<\/p>\n<p style=\"text-align: center;\"><em>Erich Fromm<\/em><\/p>\n<\/blockquote>\n<p>[\/vc_column_text][\/vc_column][\/vc_row][vc_row full_width=&#8220;stretch_row_content_no_spaces&#8220; equal_height=&#8220;yes&#8220; content_placement=&#8220;middle&#8220; disable_element=&#8220;yes&#8220; el_class=&#8220;text-white&#8220;][vc_column width=&#8220;1\/2&#8243; css=&#8220;.vc_custom_1718735804816{background-color: #d33c14 !important;}&#8220; el_class=&#8220;text-big&#8220;][vc_column_text el_class=&#8220;text-big&#8220;]Non esitare a chiamarmi al numero <a href=\"tel:00491602789362\">+49 160 2789 362<\/a> o a scrivermi a\u00a0<a class=\"mail-link\" href=\"mailto:infoMAILpsicologoberlinoPUNKTcom\">info[at]psicologoberlino.com<\/a>. Ti richiamer\u00f2 o risponder\u00f2 nel pi\u00f9 breve tempo possibile.[\/vc_column_text][vc_btn title=&#8220;Contattami&#8220; link=&#8220;url:https%3A%2F%2Fpsicoterapiaberlino.de%2F%23contatto|title:Contatto&#8220; el_class=&#8220;btn-white&#8220;][\/vc_column][vc_column width=&#8220;1\/2&#8243;][vc_single_image image=&#8220;3260&#8243; img_size=&#8220;full&#8220;][\/vc_column][\/vc_row][vc_row full_width=&#8220;stretch_row_content&#8220; equal_height=&#8220;yes&#8220; content_placement=&#8220;middle&#8220; el_class=&#8220;text-image-row&#8220;][vc_column width=&#8220;1\/2&#8243; el_class=&#8220;text-white&#8220; css=&#8220;.vc_custom_1716201186609{background-color: #d33c14 !important;}&#8220;][vc_column_text]<\/p>\n<h2 style=\"text-align: center;\">Bitte z\u00f6gere nicht, mich zu kontaktieren.<\/h2>\n<p style=\"text-align: center;\"><strong>Telefon:<\/strong><br \/>\n<a href=\"tel:00491602789362\">+49(0) 160 2789 362<\/a><\/p>\n<p style=\"text-align: center;\"><strong>E-Mail:<\/strong><br \/>\n<a class=\"mail-link\" href=\"mailto:infoMAILpsicologoberlinoPUNKTcom\">info[at]psicologoberlino.com<\/a><\/p>\n<p style=\"text-align: center;\">Ich werde Sie so schnell wie m\u00f6glich zur\u00fcckrufen oder antworten.<\/p>\n<p>[\/vc_column_text][vc_btn title=&#8220;Kontakt aufnehmen&#8220; align=&#8220;center&#8220; link=&#8220;url:https%3A%2F%2Fpsicoterapiaberlino.de%2Fde%2F%23contatto|title:Kontakt%20aufnehmen&#8220; el_class=&#8220;btn-white&#8220;][\/vc_column][vc_column width=&#8220;1\/2&#8243;][vc_single_image image=&#8220;3260&#8243; img_size=&#8220;full&#8220;][\/vc_column][\/vc_row][vc_row][vc_column][vc_column_text]<\/p>\n<h2>FAQ (H\u00e4ufig gestellte Fragen)<\/h2>\n<p>[\/vc_column_text][vc_toggle title=&#8220;Worin besteht der Unterschied zwischen einem Psychologen, Psychotherapeuten, medizinischen Psychotherapeuten, Psychoanalytiker, Psychiater und Neurologen?&#8220;]Der Psychologe: Er hat einen Abschluss in Psychologie. Um als Psychologe in Deutschland arbeiten zu k\u00f6nnen, muss man die Erlaubnis des Gesundheitsministeriums eingeholt haben, als Heilpraktiker\/in darf man eingeschr\u00e4nkt auf dem Gebiet heilkundliche Psychotherapie arbeiten.<\/p>\n<p>Der Psychotherapeut: Er hat alle Eigenschaften eines Psychologen und ist ebenfalls auf Psychotherapie (Einzelperson, Paar, Familie, Gruppe) spezialisiert und er hat eine oder mehrere Spezialisierungsschulen besucht.<\/p>\n<p>Der psychotherapeutische Arzt: Er hat einen Abschluss in Medizin und ist auf Psychotherapie spezialisiert. Er hat eine pers\u00f6nliche psychoanalytische Ausbildung absolviert.<\/p>\n<p>Der Psychiater: Er hat einen Abschluss in Medizin und ist auf Psychiatrie spezialisiert.<\/p>\n<p>Der Neurologe: Er ist Absolvent der Medizin und auf Neurologie spezialisiert.[\/vc_toggle][vc_toggle title=&#8220;Wie lange dauert die Psychotherapie?&#8220;]Die Dauer einer Psychotherapie ist sehr variabel und h\u00e4ngt von vielen Faktoren ab (die Komplexit\u00e4t des Problems, die W\u00fcnsche des Patienten, seine wirtschaftlichen M\u00f6glichkeiten, die Referenztheorie des Psychotherapeuten). Sie reicht indikativ von mindestens 5 Sitzungen bis maximal 10 Jahren.<\/p>\n<p>Es wird allgemein davon ausgegangen, dass eine Psychotherapie, die in der Lage ist, die Lebensqualit\u00e4t einer Person erheblich zu verbessern, mindestens 1 Jahr dauern sollte, mit einer H\u00e4ufigkeit von mindestens einer Sitzung pro Woche, die je nach den wirtschaftlichen Verh\u00e4ltnissen des Patienten variieren kann.<\/p>\n<p>Daher ist es unm\u00f6glich, die genaue Dauer einer Psychotherapie vorauszusagen, da es zun\u00e4chst notwendig ist, Art und Umfang des spezifischen Problems und den damit verbundenen Leidensgrad zu beurteilen. Dar\u00fcber hinaus gibt es auch Unterschiede in Bezug auf den Zeitpunkt des Auftretens: Eine Unannehmlichkeit oder St\u00f6rung, die lange zuvor entwickelt wurde und bisher nie aufgetreten ist, kann z.B. pl\u00f6tzlich hervortreten und daher eine Intervention erfordern, die im Laufe der Zeit erweitert wird.<br \/>\nIn jedem Fall werden die Zeiten und H\u00e4ufigkeiten zwischen Patient und Therapeut zum Zeitpunkt des Therapievertrages im Voraus vereinbart.[\/vc_toggle][vc_toggle title=&#8220;Was ist Psychotherapie?&#8220;]Psychotherapie ist ein komplexer Prozess, in dem ein emotional bedeutsames und unvoreingenommenes Vertrauensverh\u00e4ltnis zwischen Therapeut und Patient geschaffen wird, das den inneren Wandel erleichtert und f\u00f6rdert.<\/p>\n<p>Ein Therapeut muss die F\u00e4higkeit haben, sich einzuf\u00fchlen, zuzuh\u00f6ren, mit Leiden umzugehen und Vertrauen zu vermitteln. Er muss \u00fcber gute theoretische Kenntnisse verf\u00fcgen und die verschiedenen technischen Werkzeuge beherrschen.[\/vc_toggle][vc_toggle title=&#8220;Behandelt der Psychologe \u201cVerr\u00fcckte\u201d?&#8220;]Der Psychologe ist ausgebildet, um mit verschiedenen Methoden bei der Behandlung verschiedener St\u00f6rungen und Probleme zu helfen. Jeder kann in seinem Leben einen Moment durchlaufen, in dem Schwierigkeiten das individuelle Gleichgewicht oder die Erreichung der Lebensziele st\u00f6ren bzw. ein Ungleichgewicht in pers\u00f6nlichen Beziehungen hervorrufen. In solchen F\u00e4llen ist das pers\u00f6nliche Gespr\u00e4ch mit einem Psychologen besonders gut geeignet, die eigenen Ressourcen zu reaktivieren.<\/p>\n<p>\u201cWahnsinn\u201d ist ein Begriff, der verwendet wird, um eine Person zu bezeichnen, die an einer schweren psychiatrischen Erkrankung leidet, die eine ver\u00e4nderte Beurteilung der Au\u00dfenwelt und den Kontakt mit der Realit\u00e4t beinhaltet.<\/p>\n<p>Diese St\u00f6rungen sollten mit besonderer Vorsicht und unter Einbeziehung verschiedener Berufsgruppen behandelt werden, darunter der Psychiater, aber auch der Psychologe, vorzugsweise mit einer entsprechenden Ausbildung. Daher wird eine Netzwerkarbeit zwischen den verschiedenen Berufsgruppen aktiviert, um die Person aus psychologischer, medizinischer, pharmakologischer, relationaler, famili\u00e4rer und beruflicher Sicht zu betreuen.[\/vc_toggle][\/vc_column][\/vc_row]<\/p>\n<\/div>","protected":false},"excerpt":{"rendered":"<p>[vc_row full_width=&#8220;stretch_row_content&#8220; equal_height=&#8220;yes&#8220; content_placement=&#8220;middle&#8220; el_class=&#8220;image-text-row&#8220; css=&#8220;.vc_custom_1718646873824{margin-bottom: 0px !important;}&#8220;][vc_column width=&#8220;1\/2&#8243;][vc_single_image image=&#8220;3260&#8243; img_size=&#8220;full&#8220;][\/vc_column][vc_column width=&#8220;1\/2&#8243; el_class=&#8220;text-white&#8220; css=&#8220;.vc_custom_1716589686451{background-color: #3b8796 !important;}&#8220;][vc_column_text] \u00dcber mich [\/vc_column_text][vc_column_text] Mit Vergn\u00fcgen, Caterina Mein Name ist\u00a0Caterina Nicolosi Gan\u00dfmann\u00a0und ich bin von Beruf Dipl.-Psychologin. Ich bin Italienerin und lebe und arbeite in Berlin. Meine Ausbildung in Gestalttherapie und Psychoanalyse nach C. G. Jung habe ich, w\u00e4hrend meines [&hellip;]<\/p>\n","protected":false},"author":1,"featured_media":0,"parent":0,"menu_order":0,"comment_status":"closed","ping_status":"closed","template":"","meta":{"footnotes":""},"class_list":["post-3563","page","type-page","status-publish","hentry"],"yoast_head":"<!-- This site is optimized with the Yoast SEO plugin v27.1.1 - https:\/\/yoast.com\/product\/yoast-seo-wordpress\/ -->\n<title>Wer ich bin - Caterina Nicolosi Gan\u00dfmann<\/title>\n<meta name=\"robots\" content=\"index, follow, max-snippet:-1, max-image-preview:large, max-video-preview:-1\" \/>\n<link rel=\"canonical\" href=\"https:\/\/psicologoberlino.com\/de\/wer-ich-bin\/\" \/>\n<meta property=\"og:locale\" content=\"de_DE\" \/>\n<meta property=\"og:type\" content=\"article\" \/>\n<meta property=\"og:title\" content=\"Wer ich bin - Caterina Nicolosi Gan\u00dfmann\" \/>\n<meta property=\"og:description\" content=\"[vc_row full_width=&#8220;stretch_row_content&#8220; equal_height=&#8220;yes&#8220; content_placement=&#8220;middle&#8220; el_class=&#8220;image-text-row&#8220; css=&#8220;.vc_custom_1718646873824{margin-bottom: 0px !important;}&#8220;][vc_column width=&#8220;1\/2&#8243;][vc_single_image image=&#8220;3260&#8243; img_size=&#8220;full&#8220;][\/vc_column][vc_column width=&#8220;1\/2&#8243; el_class=&#8220;text-white&#8220; css=&#8220;.vc_custom_1716589686451{background-color: #3b8796 !important;}&#8220;][vc_column_text] \u00dcber mich [\/vc_column_text][vc_column_text] Mit Vergn\u00fcgen, Caterina Mein Name ist\u00a0Caterina Nicolosi Gan\u00dfmann\u00a0und ich bin von Beruf Dipl.-Psychologin. Ich bin Italienerin und lebe und arbeite in Berlin. Meine Ausbildung in Gestalttherapie und Psychoanalyse nach C. G. Jung habe ich, w\u00e4hrend meines [&hellip;]\" \/>\n<meta property=\"og:url\" content=\"https:\/\/psicologoberlino.com\/de\/wer-ich-bin\/\" \/>\n<meta property=\"og:site_name\" content=\"Caterina Nicolosi Gan\u00dfmann\" \/>\n<meta property=\"article:modified_time\" content=\"2024-08-17T15:16:06+00:00\" \/>\n<meta name=\"twitter:card\" content=\"summary_large_image\" \/>\n<meta name=\"twitter:label1\" content=\"Gesch\u00e4tzte Lesezeit\" \/>\n\t<meta name=\"twitter:data1\" content=\"7\u00a0Minuten\" \/>\n<script type=\"application\/ld+json\" class=\"yoast-schema-graph\">{\"@context\":\"https:\/\/schema.org\",\"@graph\":[{\"@type\":\"WebPage\",\"@id\":\"https:\/\/psicologoberlino.com\/de\/wer-ich-bin\/\",\"url\":\"https:\/\/psicologoberlino.com\/de\/wer-ich-bin\/\",\"name\":\"Wer ich bin - Caterina Nicolosi Gan\u00dfmann\",\"isPartOf\":{\"@id\":\"https:\/\/psicologoberlino.com\/de\/#website\"},\"datePublished\":\"2024-04-23T05:06:08+00:00\",\"dateModified\":\"2024-08-17T15:16:06+00:00\",\"breadcrumb\":{\"@id\":\"https:\/\/psicologoberlino.com\/de\/wer-ich-bin\/#breadcrumb\"},\"inLanguage\":\"de\",\"potentialAction\":[{\"@type\":\"ReadAction\",\"target\":[\"https:\/\/psicologoberlino.com\/de\/wer-ich-bin\/\"]}]},{\"@type\":\"BreadcrumbList\",\"@id\":\"https:\/\/psicologoberlino.com\/de\/wer-ich-bin\/#breadcrumb\",\"itemListElement\":[{\"@type\":\"ListItem\",\"position\":1,\"name\":\"Home\",\"item\":\"https:\/\/psicologoberlino.com\/de\/\"},{\"@type\":\"ListItem\",\"position\":2,\"name\":\"Wer ich bin\"}]},{\"@type\":\"WebSite\",\"@id\":\"https:\/\/psicologoberlino.com\/de\/#website\",\"url\":\"https:\/\/psicologoberlino.com\/de\/\",\"name\":\"Caterina Nicolosi Gan\u00dfmann\",\"description\":\"\",\"potentialAction\":[{\"@type\":\"SearchAction\",\"target\":{\"@type\":\"EntryPoint\",\"urlTemplate\":\"https:\/\/psicologoberlino.com\/de\/?s={search_term_string}\"},\"query-input\":{\"@type\":\"PropertyValueSpecification\",\"valueRequired\":true,\"valueName\":\"search_term_string\"}}],\"inLanguage\":\"de\"}]}<\/script>\n<!-- \/ Yoast SEO plugin. -->","yoast_head_json":{"title":"Wer ich bin - Caterina Nicolosi Gan\u00dfmann","robots":{"index":"index","follow":"follow","max-snippet":"max-snippet:-1","max-image-preview":"max-image-preview:large","max-video-preview":"max-video-preview:-1"},"canonical":"https:\/\/psicologoberlino.com\/de\/wer-ich-bin\/","og_locale":"de_DE","og_type":"article","og_title":"Wer ich bin - Caterina Nicolosi Gan\u00dfmann","og_description":"[vc_row full_width=&#8220;stretch_row_content&#8220; equal_height=&#8220;yes&#8220; content_placement=&#8220;middle&#8220; el_class=&#8220;image-text-row&#8220; css=&#8220;.vc_custom_1718646873824{margin-bottom: 0px !important;}&#8220;][vc_column width=&#8220;1\/2&#8243;][vc_single_image image=&#8220;3260&#8243; img_size=&#8220;full&#8220;][\/vc_column][vc_column width=&#8220;1\/2&#8243; el_class=&#8220;text-white&#8220; css=&#8220;.vc_custom_1716589686451{background-color: #3b8796 !important;}&#8220;][vc_column_text] \u00dcber mich [\/vc_column_text][vc_column_text] Mit Vergn\u00fcgen, Caterina Mein Name ist\u00a0Caterina Nicolosi Gan\u00dfmann\u00a0und ich bin von Beruf Dipl.-Psychologin. Ich bin Italienerin und lebe und arbeite in Berlin. Meine Ausbildung in Gestalttherapie und Psychoanalyse nach C. G. Jung habe ich, w\u00e4hrend meines [&hellip;]","og_url":"https:\/\/psicologoberlino.com\/de\/wer-ich-bin\/","og_site_name":"Caterina Nicolosi Gan\u00dfmann","article_modified_time":"2024-08-17T15:16:06+00:00","twitter_card":"summary_large_image","twitter_misc":{"Gesch\u00e4tzte Lesezeit":"7\u00a0Minuten"},"schema":{"@context":"https:\/\/schema.org","@graph":[{"@type":"WebPage","@id":"https:\/\/psicologoberlino.com\/de\/wer-ich-bin\/","url":"https:\/\/psicologoberlino.com\/de\/wer-ich-bin\/","name":"Wer ich bin - Caterina Nicolosi Gan\u00dfmann","isPartOf":{"@id":"https:\/\/psicologoberlino.com\/de\/#website"},"datePublished":"2024-04-23T05:06:08+00:00","dateModified":"2024-08-17T15:16:06+00:00","breadcrumb":{"@id":"https:\/\/psicologoberlino.com\/de\/wer-ich-bin\/#breadcrumb"},"inLanguage":"de","potentialAction":[{"@type":"ReadAction","target":["https:\/\/psicologoberlino.com\/de\/wer-ich-bin\/"]}]},{"@type":"BreadcrumbList","@id":"https:\/\/psicologoberlino.com\/de\/wer-ich-bin\/#breadcrumb","itemListElement":[{"@type":"ListItem","position":1,"name":"Home","item":"https:\/\/psicologoberlino.com\/de\/"},{"@type":"ListItem","position":2,"name":"Wer ich bin"}]},{"@type":"WebSite","@id":"https:\/\/psicologoberlino.com\/de\/#website","url":"https:\/\/psicologoberlino.com\/de\/","name":"Caterina Nicolosi Gan\u00dfmann","description":"","potentialAction":[{"@type":"SearchAction","target":{"@type":"EntryPoint","urlTemplate":"https:\/\/psicologoberlino.com\/de\/?s={search_term_string}"},"query-input":{"@type":"PropertyValueSpecification","valueRequired":true,"valueName":"search_term_string"}}],"inLanguage":"de"}]}},"_links":{"self":[{"href":"https:\/\/psicologoberlino.com\/de\/wp-json\/wp\/v2\/pages\/3563","targetHints":{"allow":["GET"]}}],"collection":[{"href":"https:\/\/psicologoberlino.com\/de\/wp-json\/wp\/v2\/pages"}],"about":[{"href":"https:\/\/psicologoberlino.com\/de\/wp-json\/wp\/v2\/types\/page"}],"author":[{"embeddable":true,"href":"https:\/\/psicologoberlino.com\/de\/wp-json\/wp\/v2\/users\/1"}],"replies":[{"embeddable":true,"href":"https:\/\/psicologoberlino.com\/de\/wp-json\/wp\/v2\/comments?post=3563"}],"version-history":[{"count":12,"href":"https:\/\/psicologoberlino.com\/de\/wp-json\/wp\/v2\/pages\/3563\/revisions"}],"predecessor-version":[{"id":3664,"href":"https:\/\/psicologoberlino.com\/de\/wp-json\/wp\/v2\/pages\/3563\/revisions\/3664"}],"wp:attachment":[{"href":"https:\/\/psicologoberlino.com\/de\/wp-json\/wp\/v2\/media?parent=3563"}],"curies":[{"name":"wp","href":"https:\/\/api.w.org\/{rel}","templated":true}]}}